
{"id":472,"date":"2026-04-16T09:01:48","date_gmt":"2026-04-16T09:01:48","guid":{"rendered":"https:\/\/kinderkultur.net\/shop\/?post_type=product&#038;p=472"},"modified":"2026-04-16T18:31:39","modified_gmt":"2026-04-16T18:31:39","slug":"auf-unsrer-wiese-gehet-was","status":"publish","type":"product","link":"https:\/\/kinderkultur.net\/shop\/product\/auf-unsrer-wiese-gehet-was\/","title":{"rendered":"Auf unsrer Wiese gehet was Konzept f\u00fcr die musikalische Fr\u00fcherziehung"},"content":{"rendered":"<p><strong>Konzept als\u00a0PDF Download<\/strong> mit Inhalten f\u00fcr die musikalische Fr\u00fcherziehung<br \/>\nin der Kita oder Musikschule f\u00fcr 3,5 bis 6 j\u00e4hrige Kinder<\/p>\n<p><strong>Konzept als Spiralringbuch<\/strong><br \/>\nGerne bieten wir Ihnen unser Konzept zus\u00e4tzlich als gedruckte Versionen an.<br \/>\nHier haben wir uns f\u00fcr eine Spiralbindung entschieden, da sie sich um 180\u00b0 umschlagen l\u00e4sst, platzsparend ist und im Handling f\u00fcr den t\u00e4glichen Gebrauch am besten geeignet ist.<\/p>\n<p><strong>Beschreibung<br \/>\n<\/strong>St\u00f6rche sind faszinierende Tiere. Sie fliegen im Winter nach Afrika und wenn sie wiederkommen, dann leben sie hoch oben in Nestern auf den D\u00e4chern in D\u00f6rfern oder auch St\u00e4dten.<br \/>\nIhr charakteristisches Schnabelklappern hat schon Hoffmann von Fallersleben in seinem Lied \u201eAuf unsrer Wiese gehet was\u201c aufgegriffen und dieses Lied eignet sich noch heute f\u00fcr Rhythmikschulung, Tanz, Gesang und Motorik.<\/p>\n<p>\u201eAuf unsrer Wiese gehet was\u201c ist wieder ein Rundumpaket f\u00fcr die musikalische Fr\u00fcherziehung mit \u00dcberg\u00e4ngen zu anderen Bildungsbereichen: Bewegung, Rhythmik, Sprachf\u00f6rderung, Tanz, Malen, Basteln. Einsetzbar in der Kita, Grundschule oder Musikschule. Mit fertigen Mal- und Bastelvorlagen und Anleitungen zum Instrumentenbau.<\/p>\n<p>Viele Ideen auch f\u00fcr den Morgenkreis oder kleinen Auff\u00fchrungen.<\/p>\n<p><strong>Text und Illustrationen: Ingrid Schmechel<\/strong><\/p>\n<hr \/>\n","protected":false},"excerpt":{"rendered":"<p>Produkte stehen nach dem Bezahlen als PDF Download bereit.<br \/>\nBei Buchauswahl erfolgt der Versand mit der POST.<\/p>\n","protected":false},"featured_media":471,"comment_status":"closed","ping_status":"closed","template":"","meta":[],"product_brand":[],"product_cat":[18],"product_tag":[],"class_list":{"0":"post-472","1":"product","2":"type-product","3":"status-publish","4":"has-post-thumbnail","6":"product_cat-musikkonzepte","7":"with-featured-image","9":"first","10":"instock","11":"purchasable","12":"product-type-variable"},"yoast_head":"<!-- This site is optimized with the Yoast SEO plugin v26.8 - https:\/\/yoast.com\/product\/yoast-seo-wordpress\/ -->\n<title>Auf unsrer Wiese gehet was Konzept f\u00fcr die musikalische Fr\u00fcherziehung - KIKU Shop<\/title>\n<meta name=\"robots\" content=\"index, follow, max-snippet:-1, max-image-preview:large, max-video-preview:-1\" \/>\n<link rel=\"canonical\" href=\"https:\/\/kinderkultur.net\/shop\/product\/auf-unsrer-wiese-gehet-was\/\" \/>\n<meta property=\"og:locale\" content=\"de_DE\" \/>\n<meta property=\"og:type\" content=\"article\" \/>\n<meta property=\"og:title\" content=\"Auf unsrer Wiese gehet was Konzept f\u00fcr die musikalische Fr\u00fcherziehung - KIKU Shop\" \/>\n<meta property=\"og:description\" content=\"Produkte stehen nach dem Bezahlen als PDF Download bereit. Bei Buchauswahl erfolgt der Versand mit der POST.\" \/>\n<meta property=\"og:url\" content=\"https:\/\/kinderkultur.net\/shop\/product\/auf-unsrer-wiese-gehet-was\/\" \/>\n<meta property=\"og:site_name\" content=\"KIKU Shop\" \/>\n<meta property=\"article:modified_time\" content=\"2026-04-16T18:31:39+00:00\" \/>\n<meta property=\"og:image\" content=\"https:\/\/kinderkultur.net\/shop\/wp-content\/uploads\/2026\/04\/Cover1.jpg\" \/>\n\t<meta property=\"og:image:width\" content=\"1323\" \/>\n\t<meta property=\"og:image:height\" content=\"1058\" \/>\n\t<meta property=\"og:image:type\" content=\"image\/jpeg\" \/>\n<meta name=\"twitter:card\" content=\"summary_large_image\" \/>\n<meta name=\"twitter:label1\" content=\"Gesch\u00e4tzte Lesezeit\" \/>\n\t<meta name=\"twitter:data1\" content=\"2\u00a0Minuten\" \/>\n<script type=\"application\/ld+json\" class=\"yoast-schema-graph\">{\"@context\":\"https:\/\/schema.org\",\"@graph\":[{\"@type\":\"WebPage\",\"@id\":\"https:\/\/kinderkultur.net\/shop\/product\/auf-unsrer-wiese-gehet-was\/\",\"url\":\"https:\/\/kinderkultur.net\/shop\/product\/auf-unsrer-wiese-gehet-was\/\",\"name\":\"Auf unsrer Wiese gehet was Konzept f\u00fcr die musikalische Fr\u00fcherziehung - KIKU Shop\",\"isPartOf\":{\"@id\":\"https:\/\/kinderkultur.net\/shop\/#website\"},\"primaryImageOfPage\":{\"@id\":\"https:\/\/kinderkultur.net\/shop\/product\/auf-unsrer-wiese-gehet-was\/#primaryimage\"},\"image\":{\"@id\":\"https:\/\/kinderkultur.net\/shop\/product\/auf-unsrer-wiese-gehet-was\/#primaryimage\"},\"thumbnailUrl\":\"https:\/\/kinderkultur.net\/shop\/wp-content\/uploads\/2026\/04\/Cover1.jpg\",\"datePublished\":\"2026-04-16T09:01:48+00:00\",\"dateModified\":\"2026-04-16T18:31:39+00:00\",\"breadcrumb\":{\"@id\":\"https:\/\/kinderkultur.net\/shop\/product\/auf-unsrer-wiese-gehet-was\/#breadcrumb\"},\"inLanguage\":\"de\",\"potentialAction\":[{\"@type\":\"ReadAction\",\"target\":[\"https:\/\/kinderkultur.net\/shop\/product\/auf-unsrer-wiese-gehet-was\/\"]}]},{\"@type\":\"ImageObject\",\"inLanguage\":\"de\",\"@id\":\"https:\/\/kinderkultur.net\/shop\/product\/auf-unsrer-wiese-gehet-was\/#primaryimage\",\"url\":\"https:\/\/kinderkultur.net\/shop\/wp-content\/uploads\/2026\/04\/Cover1.jpg\",\"contentUrl\":\"https:\/\/kinderkultur.net\/shop\/wp-content\/uploads\/2026\/04\/Cover1.jpg\",\"width\":1323,\"height\":1058},{\"@type\":\"BreadcrumbList\",\"@id\":\"https:\/\/kinderkultur.net\/shop\/product\/auf-unsrer-wiese-gehet-was\/#breadcrumb\",\"itemListElement\":[{\"@type\":\"ListItem\",\"position\":1,\"name\":\"Home\",\"item\":\"https:\/\/kinderkultur.net\/shop\/\"},{\"@type\":\"ListItem\",\"position\":2,\"name\":\"Auf unsrer Wiese gehet was Konzept f\u00fcr die musikalische Fr\u00fcherziehung\"}]},{\"@type\":\"WebSite\",\"@id\":\"https:\/\/kinderkultur.net\/shop\/#website\",\"url\":\"https:\/\/kinderkultur.net\/shop\/\",\"name\":\"KIKU Shop\",\"description\":\"\",\"potentialAction\":[{\"@type\":\"SearchAction\",\"target\":{\"@type\":\"EntryPoint\",\"urlTemplate\":\"https:\/\/kinderkultur.net\/shop\/?s={search_term_string}\"},\"query-input\":{\"@type\":\"PropertyValueSpecification\",\"valueRequired\":true,\"valueName\":\"search_term_string\"}}],\"inLanguage\":\"de\"}]}<\/script>\n<!-- \/ Yoast SEO plugin. -->","yoast_head_json":{"title":"Auf unsrer Wiese gehet was Konzept f\u00fcr die musikalische Fr\u00fcherziehung - KIKU Shop","robots":{"index":"index","follow":"follow","max-snippet":"max-snippet:-1","max-image-preview":"max-image-preview:large","max-video-preview":"max-video-preview:-1"},"canonical":"https:\/\/kinderkultur.net\/shop\/product\/auf-unsrer-wiese-gehet-was\/","og_locale":"de_DE","og_type":"article","og_title":"Auf unsrer Wiese gehet was Konzept f\u00fcr die musikalische Fr\u00fcherziehung - KIKU Shop","og_description":"Produkte stehen nach dem Bezahlen als PDF Download bereit. Bei Buchauswahl erfolgt der Versand mit der POST.","og_url":"https:\/\/kinderkultur.net\/shop\/product\/auf-unsrer-wiese-gehet-was\/","og_site_name":"KIKU Shop","article_modified_time":"2026-04-16T18:31:39+00:00","og_image":[{"width":1323,"height":1058,"url":"https:\/\/kinderkultur.net\/shop\/wp-content\/uploads\/2026\/04\/Cover1.jpg","type":"image\/jpeg"}],"twitter_card":"summary_large_image","twitter_misc":{"Gesch\u00e4tzte Lesezeit":"2\u00a0Minuten"},"schema":{"@context":"https:\/\/schema.org","@graph":[{"@type":"WebPage","@id":"https:\/\/kinderkultur.net\/shop\/product\/auf-unsrer-wiese-gehet-was\/","url":"https:\/\/kinderkultur.net\/shop\/product\/auf-unsrer-wiese-gehet-was\/","name":"Auf unsrer Wiese gehet was Konzept f\u00fcr die musikalische Fr\u00fcherziehung - KIKU Shop","isPartOf":{"@id":"https:\/\/kinderkultur.net\/shop\/#website"},"primaryImageOfPage":{"@id":"https:\/\/kinderkultur.net\/shop\/product\/auf-unsrer-wiese-gehet-was\/#primaryimage"},"image":{"@id":"https:\/\/kinderkultur.net\/shop\/product\/auf-unsrer-wiese-gehet-was\/#primaryimage"},"thumbnailUrl":"https:\/\/kinderkultur.net\/shop\/wp-content\/uploads\/2026\/04\/Cover1.jpg","datePublished":"2026-04-16T09:01:48+00:00","dateModified":"2026-04-16T18:31:39+00:00","breadcrumb":{"@id":"https:\/\/kinderkultur.net\/shop\/product\/auf-unsrer-wiese-gehet-was\/#breadcrumb"},"inLanguage":"de","potentialAction":[{"@type":"ReadAction","target":["https:\/\/kinderkultur.net\/shop\/product\/auf-unsrer-wiese-gehet-was\/"]}]},{"@type":"ImageObject","inLanguage":"de","@id":"https:\/\/kinderkultur.net\/shop\/product\/auf-unsrer-wiese-gehet-was\/#primaryimage","url":"https:\/\/kinderkultur.net\/shop\/wp-content\/uploads\/2026\/04\/Cover1.jpg","contentUrl":"https:\/\/kinderkultur.net\/shop\/wp-content\/uploads\/2026\/04\/Cover1.jpg","width":1323,"height":1058},{"@type":"BreadcrumbList","@id":"https:\/\/kinderkultur.net\/shop\/product\/auf-unsrer-wiese-gehet-was\/#breadcrumb","itemListElement":[{"@type":"ListItem","position":1,"name":"Home","item":"https:\/\/kinderkultur.net\/shop\/"},{"@type":"ListItem","position":2,"name":"Auf unsrer Wiese gehet was Konzept f\u00fcr die musikalische Fr\u00fcherziehung"}]},{"@type":"WebSite","@id":"https:\/\/kinderkultur.net\/shop\/#website","url":"https:\/\/kinderkultur.net\/shop\/","name":"KIKU Shop","description":"","potentialAction":[{"@type":"SearchAction","target":{"@type":"EntryPoint","urlTemplate":"https:\/\/kinderkultur.net\/shop\/?s={search_term_string}"},"query-input":{"@type":"PropertyValueSpecification","valueRequired":true,"valueName":"search_term_string"}}],"inLanguage":"de"}]}},"jetpack_sharing_enabled":true,"_links":{"self":[{"href":"https:\/\/kinderkultur.net\/shop\/wp-json\/wp\/v2\/product\/472","targetHints":{"allow":["GET"]}}],"collection":[{"href":"https:\/\/kinderkultur.net\/shop\/wp-json\/wp\/v2\/product"}],"about":[{"href":"https:\/\/kinderkultur.net\/shop\/wp-json\/wp\/v2\/types\/product"}],"replies":[{"embeddable":true,"href":"https:\/\/kinderkultur.net\/shop\/wp-json\/wp\/v2\/comments?post=472"}],"wp:featuredmedia":[{"embeddable":true,"href":"https:\/\/kinderkultur.net\/shop\/wp-json\/wp\/v2\/media\/471"}],"wp:attachment":[{"href":"https:\/\/kinderkultur.net\/shop\/wp-json\/wp\/v2\/media?parent=472"}],"wp:term":[{"taxonomy":"product_brand","embeddable":true,"href":"https:\/\/kinderkultur.net\/shop\/wp-json\/wp\/v2\/product_brand?post=472"},{"taxonomy":"product_cat","embeddable":true,"href":"https:\/\/kinderkultur.net\/shop\/wp-json\/wp\/v2\/product_cat?post=472"},{"taxonomy":"product_tag","embeddable":true,"href":"https:\/\/kinderkultur.net\/shop\/wp-json\/wp\/v2\/product_tag?post=472"}],"curies":[{"name":"wp","href":"https:\/\/api.w.org\/{rel}","templated":true}]}}