
{"id":456,"date":"2025-11-03T20:27:25","date_gmt":"2025-11-03T20:27:25","guid":{"rendered":"https:\/\/kinderkultur.net\/shop\/?post_type=product&#038;p=456"},"modified":"2025-11-04T15:56:13","modified_gmt":"2025-11-04T15:56:13","slug":"sterne-konzept-fuer-die-musikalische-frueherziehung","status":"publish","type":"product","link":"https:\/\/kinderkultur.net\/shop\/product\/sterne-konzept-fuer-die-musikalische-frueherziehung\/","title":{"rendered":"Sterne Konzept f\u00fcr die musikalische Fr\u00fcherziehung"},"content":{"rendered":"<p><strong>Konzept als\u00a0PDF Download<\/strong> mit Inhalten f\u00fcr die musikalische Fr\u00fcherziehung<br \/>\nin der Kita oder Musikschule f\u00fcr 3,5 bis 6 j\u00e4hrige Kinder<\/p>\n<p><strong>Konzept als Spiralringbuch<\/strong><br \/>\nGerne bieten wir Ihnen unser Konzept zus\u00e4tzlich als gedruckte Versionen an.<br \/>\nHier haben wir uns f\u00fcr eine Spiralbindung entschieden, da sie sich um 180\u00b0 umschlagen l\u00e4sst, platzsparend ist und im Handling f\u00fcr den t\u00e4glichen Gebrauch am besten geeignet ist.<\/p>\n<p><strong>Beschreibung<br \/>\n<\/strong>Sterne sind wundersch\u00f6n anzusehen und haben die Menschen schon immer interessiert und<br \/>\ninspiriert. F\u00fcr den Winter oder die Weihnachtszeit sind sie ein sch\u00f6nes Thema, denn sie bringen<br \/>\nLicht in die Dunkelheit. Gepaart mit hellt\u00f6nenden Instrumenten und besinnlichen Liedern trifft<br \/>\ndieses Konzept das Bed\u00fcrfnisse nach Gem\u00fctlichkeit und Ruhe.<br \/>\nAber auch Spa\u00df und Bewegung sollen nicht zu kurz kommen mit dem Lied \u201eSternenf\u00e4nger\u201c der<br \/>\nKinderliedermacher Wolfgang Hering Bernd Meyerholz und Stopptanzen zu aktueller Musik.<br \/>\nGebastelt und gemalt wird zum Thema ebenfalls.<br \/>\nMit dieser Themenmappe f\u00fcr die musikalische Fr\u00fcherziehung braucht man keine lange<br \/>\nVorbereitungszeit mehr, man kann sofort loslegen. Mit Mal- und Bastelvorlagen zum Kopieren,<br \/>\nIdeen und Spielbeschreibungen zum Musizieren, Singen, Tanzen, Spielen.<br \/>\nEine Kombination aus vielen Bildungsinhalten: Musik, Singen, Liedbegleitung und<br \/>\nInstrumentenkunde, k\u00fcnstlerischem Schaffen, Schulung der Fein- und Grobmotorik beim Basteln<br \/>\nund Bewegen- alles aus einem Guss und zu einem Thema.<br \/>\nViele Ideen auch f\u00fcr den Morgenkreis oder kleine Auff\u00fchrungen.<\/p>\n<p><strong>Text und Illustrationen: Ingrid Schmechel<\/strong><\/p>\n<hr \/>\n","protected":false},"excerpt":{"rendered":"<p><strong>Konzept als PDF:<\/strong> Produkte stehen nach dem Bezahlen als PDF\/MP3 Download bereit.<br \/>\n<strong>Konzept als Ringbuch:<\/strong> Versand\u00a0 erfolgt der mit der POST.<\/p>\n","protected":false},"featured_media":452,"comment_status":"closed","ping_status":"closed","template":"","meta":[],"product_brand":[],"product_cat":[18],"product_tag":[],"class_list":{"0":"post-456","1":"product","2":"type-product","3":"status-publish","4":"has-post-thumbnail","6":"product_cat-musikkonzepte","7":"with-featured-image","9":"first","10":"instock","11":"purchasable","12":"product-type-variable"},"yoast_head":"<!-- This site is optimized with the Yoast SEO plugin v26.8 - https:\/\/yoast.com\/product\/yoast-seo-wordpress\/ -->\n<title>Sterne Konzept f\u00fcr die musikalische Fr\u00fcherziehung - KIKU Shop<\/title>\n<meta name=\"robots\" content=\"index, follow, max-snippet:-1, max-image-preview:large, max-video-preview:-1\" \/>\n<link rel=\"canonical\" href=\"https:\/\/kinderkultur.net\/shop\/product\/sterne-konzept-fuer-die-musikalische-frueherziehung\/\" \/>\n<meta property=\"og:locale\" content=\"de_DE\" \/>\n<meta property=\"og:type\" content=\"article\" \/>\n<meta property=\"og:title\" content=\"Sterne Konzept f\u00fcr die musikalische Fr\u00fcherziehung - KIKU Shop\" \/>\n<meta property=\"og:description\" content=\"Konzept als PDF: Produkte stehen nach dem Bezahlen als PDF\/MP3 Download bereit. Konzept als Ringbuch: Versand\u00a0 erfolgt der mit der POST.\" \/>\n<meta property=\"og:url\" content=\"https:\/\/kinderkultur.net\/shop\/product\/sterne-konzept-fuer-die-musikalische-frueherziehung\/\" \/>\n<meta property=\"og:site_name\" content=\"KIKU Shop\" \/>\n<meta property=\"article:modified_time\" content=\"2025-11-04T15:56:13+00:00\" \/>\n<meta property=\"og:image\" content=\"https:\/\/kinderkultur.net\/shop\/wp-content\/uploads\/2025\/11\/Sterne1.png\" \/>\n\t<meta property=\"og:image:width\" content=\"1323\" \/>\n\t<meta property=\"og:image:height\" content=\"1058\" \/>\n\t<meta property=\"og:image:type\" content=\"image\/png\" \/>\n<meta name=\"twitter:card\" content=\"summary_large_image\" \/>\n<meta name=\"twitter:label1\" content=\"Gesch\u00e4tzte Lesezeit\" \/>\n\t<meta name=\"twitter:data1\" content=\"2\u00a0Minuten\" \/>\n<script type=\"application\/ld+json\" class=\"yoast-schema-graph\">{\"@context\":\"https:\/\/schema.org\",\"@graph\":[{\"@type\":\"WebPage\",\"@id\":\"https:\/\/kinderkultur.net\/shop\/product\/sterne-konzept-fuer-die-musikalische-frueherziehung\/\",\"url\":\"https:\/\/kinderkultur.net\/shop\/product\/sterne-konzept-fuer-die-musikalische-frueherziehung\/\",\"name\":\"Sterne Konzept f\u00fcr die musikalische Fr\u00fcherziehung - KIKU Shop\",\"isPartOf\":{\"@id\":\"https:\/\/kinderkultur.net\/shop\/#website\"},\"primaryImageOfPage\":{\"@id\":\"https:\/\/kinderkultur.net\/shop\/product\/sterne-konzept-fuer-die-musikalische-frueherziehung\/#primaryimage\"},\"image\":{\"@id\":\"https:\/\/kinderkultur.net\/shop\/product\/sterne-konzept-fuer-die-musikalische-frueherziehung\/#primaryimage\"},\"thumbnailUrl\":\"https:\/\/kinderkultur.net\/shop\/wp-content\/uploads\/2025\/11\/Sterne1.png\",\"datePublished\":\"2025-11-03T20:27:25+00:00\",\"dateModified\":\"2025-11-04T15:56:13+00:00\",\"breadcrumb\":{\"@id\":\"https:\/\/kinderkultur.net\/shop\/product\/sterne-konzept-fuer-die-musikalische-frueherziehung\/#breadcrumb\"},\"inLanguage\":\"de\",\"potentialAction\":[{\"@type\":\"ReadAction\",\"target\":[\"https:\/\/kinderkultur.net\/shop\/product\/sterne-konzept-fuer-die-musikalische-frueherziehung\/\"]}]},{\"@type\":\"ImageObject\",\"inLanguage\":\"de\",\"@id\":\"https:\/\/kinderkultur.net\/shop\/product\/sterne-konzept-fuer-die-musikalische-frueherziehung\/#primaryimage\",\"url\":\"https:\/\/kinderkultur.net\/shop\/wp-content\/uploads\/2025\/11\/Sterne1.png\",\"contentUrl\":\"https:\/\/kinderkultur.net\/shop\/wp-content\/uploads\/2025\/11\/Sterne1.png\",\"width\":1323,\"height\":1058},{\"@type\":\"BreadcrumbList\",\"@id\":\"https:\/\/kinderkultur.net\/shop\/product\/sterne-konzept-fuer-die-musikalische-frueherziehung\/#breadcrumb\",\"itemListElement\":[{\"@type\":\"ListItem\",\"position\":1,\"name\":\"Home\",\"item\":\"https:\/\/kinderkultur.net\/shop\/\"},{\"@type\":\"ListItem\",\"position\":2,\"name\":\"Sterne Konzept f\u00fcr die musikalische Fr\u00fcherziehung\"}]},{\"@type\":\"WebSite\",\"@id\":\"https:\/\/kinderkultur.net\/shop\/#website\",\"url\":\"https:\/\/kinderkultur.net\/shop\/\",\"name\":\"KIKU Shop\",\"description\":\"\",\"potentialAction\":[{\"@type\":\"SearchAction\",\"target\":{\"@type\":\"EntryPoint\",\"urlTemplate\":\"https:\/\/kinderkultur.net\/shop\/?s={search_term_string}\"},\"query-input\":{\"@type\":\"PropertyValueSpecification\",\"valueRequired\":true,\"valueName\":\"search_term_string\"}}],\"inLanguage\":\"de\"}]}<\/script>\n<!-- \/ Yoast SEO plugin. -->","yoast_head_json":{"title":"Sterne Konzept f\u00fcr die musikalische Fr\u00fcherziehung - KIKU Shop","robots":{"index":"index","follow":"follow","max-snippet":"max-snippet:-1","max-image-preview":"max-image-preview:large","max-video-preview":"max-video-preview:-1"},"canonical":"https:\/\/kinderkultur.net\/shop\/product\/sterne-konzept-fuer-die-musikalische-frueherziehung\/","og_locale":"de_DE","og_type":"article","og_title":"Sterne Konzept f\u00fcr die musikalische Fr\u00fcherziehung - KIKU Shop","og_description":"Konzept als PDF: Produkte stehen nach dem Bezahlen als PDF\/MP3 Download bereit. Konzept als Ringbuch: Versand\u00a0 erfolgt der mit der POST.","og_url":"https:\/\/kinderkultur.net\/shop\/product\/sterne-konzept-fuer-die-musikalische-frueherziehung\/","og_site_name":"KIKU Shop","article_modified_time":"2025-11-04T15:56:13+00:00","og_image":[{"width":1323,"height":1058,"url":"https:\/\/kinderkultur.net\/shop\/wp-content\/uploads\/2025\/11\/Sterne1.png","type":"image\/png"}],"twitter_card":"summary_large_image","twitter_misc":{"Gesch\u00e4tzte Lesezeit":"2\u00a0Minuten"},"schema":{"@context":"https:\/\/schema.org","@graph":[{"@type":"WebPage","@id":"https:\/\/kinderkultur.net\/shop\/product\/sterne-konzept-fuer-die-musikalische-frueherziehung\/","url":"https:\/\/kinderkultur.net\/shop\/product\/sterne-konzept-fuer-die-musikalische-frueherziehung\/","name":"Sterne Konzept f\u00fcr die musikalische Fr\u00fcherziehung - KIKU Shop","isPartOf":{"@id":"https:\/\/kinderkultur.net\/shop\/#website"},"primaryImageOfPage":{"@id":"https:\/\/kinderkultur.net\/shop\/product\/sterne-konzept-fuer-die-musikalische-frueherziehung\/#primaryimage"},"image":{"@id":"https:\/\/kinderkultur.net\/shop\/product\/sterne-konzept-fuer-die-musikalische-frueherziehung\/#primaryimage"},"thumbnailUrl":"https:\/\/kinderkultur.net\/shop\/wp-content\/uploads\/2025\/11\/Sterne1.png","datePublished":"2025-11-03T20:27:25+00:00","dateModified":"2025-11-04T15:56:13+00:00","breadcrumb":{"@id":"https:\/\/kinderkultur.net\/shop\/product\/sterne-konzept-fuer-die-musikalische-frueherziehung\/#breadcrumb"},"inLanguage":"de","potentialAction":[{"@type":"ReadAction","target":["https:\/\/kinderkultur.net\/shop\/product\/sterne-konzept-fuer-die-musikalische-frueherziehung\/"]}]},{"@type":"ImageObject","inLanguage":"de","@id":"https:\/\/kinderkultur.net\/shop\/product\/sterne-konzept-fuer-die-musikalische-frueherziehung\/#primaryimage","url":"https:\/\/kinderkultur.net\/shop\/wp-content\/uploads\/2025\/11\/Sterne1.png","contentUrl":"https:\/\/kinderkultur.net\/shop\/wp-content\/uploads\/2025\/11\/Sterne1.png","width":1323,"height":1058},{"@type":"BreadcrumbList","@id":"https:\/\/kinderkultur.net\/shop\/product\/sterne-konzept-fuer-die-musikalische-frueherziehung\/#breadcrumb","itemListElement":[{"@type":"ListItem","position":1,"name":"Home","item":"https:\/\/kinderkultur.net\/shop\/"},{"@type":"ListItem","position":2,"name":"Sterne Konzept f\u00fcr die musikalische Fr\u00fcherziehung"}]},{"@type":"WebSite","@id":"https:\/\/kinderkultur.net\/shop\/#website","url":"https:\/\/kinderkultur.net\/shop\/","name":"KIKU Shop","description":"","potentialAction":[{"@type":"SearchAction","target":{"@type":"EntryPoint","urlTemplate":"https:\/\/kinderkultur.net\/shop\/?s={search_term_string}"},"query-input":{"@type":"PropertyValueSpecification","valueRequired":true,"valueName":"search_term_string"}}],"inLanguage":"de"}]}},"jetpack_sharing_enabled":true,"_links":{"self":[{"href":"https:\/\/kinderkultur.net\/shop\/wp-json\/wp\/v2\/product\/456","targetHints":{"allow":["GET"]}}],"collection":[{"href":"https:\/\/kinderkultur.net\/shop\/wp-json\/wp\/v2\/product"}],"about":[{"href":"https:\/\/kinderkultur.net\/shop\/wp-json\/wp\/v2\/types\/product"}],"replies":[{"embeddable":true,"href":"https:\/\/kinderkultur.net\/shop\/wp-json\/wp\/v2\/comments?post=456"}],"wp:featuredmedia":[{"embeddable":true,"href":"https:\/\/kinderkultur.net\/shop\/wp-json\/wp\/v2\/media\/452"}],"wp:attachment":[{"href":"https:\/\/kinderkultur.net\/shop\/wp-json\/wp\/v2\/media?parent=456"}],"wp:term":[{"taxonomy":"product_brand","embeddable":true,"href":"https:\/\/kinderkultur.net\/shop\/wp-json\/wp\/v2\/product_brand?post=456"},{"taxonomy":"product_cat","embeddable":true,"href":"https:\/\/kinderkultur.net\/shop\/wp-json\/wp\/v2\/product_cat?post=456"},{"taxonomy":"product_tag","embeddable":true,"href":"https:\/\/kinderkultur.net\/shop\/wp-json\/wp\/v2\/product_tag?post=456"}],"curies":[{"name":"wp","href":"https:\/\/api.w.org\/{rel}","templated":true}]}}