
{"id":375,"date":"2025-01-06T07:24:57","date_gmt":"2025-01-06T07:24:57","guid":{"rendered":"https:\/\/kinderkultur.net\/shop\/?post_type=product&#038;p=375"},"modified":"2025-03-13T19:49:38","modified_gmt":"2025-03-13T19:49:38","slug":"konzept-pinguin-pingu-als-pdf","status":"publish","type":"product","link":"https:\/\/kinderkultur.net\/shop\/product\/konzept-pinguin-pingu-als-pdf\/","title":{"rendered":"Konzept &#8222;Pinguin Pingu&#8220; als PDF"},"content":{"rendered":"<p>Pinguin Pingu<br \/>\nEine Mappe mit Inhalten f\u00fcr die musikalische Fr\u00fcherziehung<br \/>\nin der Kita oder Musikschule f\u00fcr 3,5 bis 6j\u00e4hrige Kinder<br \/>\nPDF als Download<\/p>\n<p>Der kleine Pinguin Pingu hat Musik im Blut. Er liebt das Singen und Tanzen \u00fcber alles.Wir k\u00f6nnen mit ihm singen und nebenbei ganz viel \u00fcber das Leben der Pinguine lernen.<\/p>\n<p>Das eigens komponierte Lied \u201ePinguin Pingu\u201c l\u00e4dt zu rhythmischer Bewegung ein und schult die Grobmotorik.<\/p>\n<p>Die Feinmotorik wird bei Bastel- und Malaktionen geschult. Ein Rundumpaket f\u00fcr die musikalische Fr\u00fcherziehung in Kita, Schule oder Musikschule.<\/p>\n<p>Mit dieser Themenmappe f\u00fcr die musikalische Fr\u00fcherziehung braucht man keine lange Vorbereitungszeit mehr, man kann sofort loslegen. Mit Mal- und Bastelvorlagen zum Kopieren,<br \/>\nIdeen und Spielbeschreibungen zum Musizieren, Singen, Tanzen, Spielen.<br \/>\nEine Kombination aus vielen Bildungsinhalten: Musik, Rhythmik, Singen, Tanz, Bewegung, Gestalten, Feinmotorik \u2013 alles aus einem Guss und zu einem Thema.<br \/>\nViele Ideen auch f\u00fcr den Morgenkreis.<\/p>\n","protected":false},"excerpt":{"rendered":"<p>Konzept steht nach dem Bezahlen als PDF Download bereit<\/p>\n","protected":false},"featured_media":0,"comment_status":"closed","ping_status":"closed","template":"","meta":[],"product_brand":[],"product_cat":[18],"product_tag":[],"class_list":{"0":"post-375","1":"product","2":"type-product","3":"status-publish","5":"product_cat-musikkonzepte","6":"without-featured-image","8":"first","9":"instock","10":"downloadable","11":"virtual","12":"purchasable","13":"product-type-simple"},"yoast_head":"<!-- This site is optimized with the Yoast SEO plugin v26.8 - https:\/\/yoast.com\/product\/yoast-seo-wordpress\/ -->\n<title>Konzept &quot;Pinguin Pingu&quot; als PDF - KIKU Shop<\/title>\n<meta name=\"robots\" content=\"index, follow, max-snippet:-1, max-image-preview:large, max-video-preview:-1\" \/>\n<link rel=\"canonical\" href=\"https:\/\/kinderkultur.net\/shop\/product\/konzept-pinguin-pingu-als-pdf\/\" \/>\n<meta property=\"og:locale\" content=\"de_DE\" \/>\n<meta property=\"og:type\" content=\"article\" \/>\n<meta property=\"og:title\" content=\"Konzept &quot;Pinguin Pingu&quot; als PDF - KIKU Shop\" \/>\n<meta property=\"og:description\" content=\"Konzept steht nach dem Bezahlen als PDF Download bereit\" \/>\n<meta property=\"og:url\" content=\"https:\/\/kinderkultur.net\/shop\/product\/konzept-pinguin-pingu-als-pdf\/\" \/>\n<meta property=\"og:site_name\" content=\"KIKU Shop\" \/>\n<meta property=\"article:modified_time\" content=\"2025-03-13T19:49:38+00:00\" \/>\n<meta name=\"twitter:card\" content=\"summary_large_image\" \/>\n<meta name=\"twitter:label1\" content=\"Gesch\u00e4tzte Lesezeit\" \/>\n\t<meta name=\"twitter:data1\" content=\"1\u00a0Minute\" \/>\n<script type=\"application\/ld+json\" class=\"yoast-schema-graph\">{\"@context\":\"https:\/\/schema.org\",\"@graph\":[{\"@type\":\"WebPage\",\"@id\":\"https:\/\/kinderkultur.net\/shop\/product\/konzept-pinguin-pingu-als-pdf\/\",\"url\":\"https:\/\/kinderkultur.net\/shop\/product\/konzept-pinguin-pingu-als-pdf\/\",\"name\":\"Konzept \\\"Pinguin Pingu\\\" als PDF - KIKU Shop\",\"isPartOf\":{\"@id\":\"https:\/\/kinderkultur.net\/shop\/#website\"},\"datePublished\":\"2025-01-06T07:24:57+00:00\",\"dateModified\":\"2025-03-13T19:49:38+00:00\",\"breadcrumb\":{\"@id\":\"https:\/\/kinderkultur.net\/shop\/product\/konzept-pinguin-pingu-als-pdf\/#breadcrumb\"},\"inLanguage\":\"de\",\"potentialAction\":[{\"@type\":\"ReadAction\",\"target\":[\"https:\/\/kinderkultur.net\/shop\/product\/konzept-pinguin-pingu-als-pdf\/\"]}]},{\"@type\":\"BreadcrumbList\",\"@id\":\"https:\/\/kinderkultur.net\/shop\/product\/konzept-pinguin-pingu-als-pdf\/#breadcrumb\",\"itemListElement\":[{\"@type\":\"ListItem\",\"position\":1,\"name\":\"Home\",\"item\":\"https:\/\/kinderkultur.net\/shop\/\"},{\"@type\":\"ListItem\",\"position\":2,\"name\":\"Konzept &#8222;Pinguin Pingu&#8220; als PDF\"}]},{\"@type\":\"WebSite\",\"@id\":\"https:\/\/kinderkultur.net\/shop\/#website\",\"url\":\"https:\/\/kinderkultur.net\/shop\/\",\"name\":\"KIKU Shop\",\"description\":\"\",\"potentialAction\":[{\"@type\":\"SearchAction\",\"target\":{\"@type\":\"EntryPoint\",\"urlTemplate\":\"https:\/\/kinderkultur.net\/shop\/?s={search_term_string}\"},\"query-input\":{\"@type\":\"PropertyValueSpecification\",\"valueRequired\":true,\"valueName\":\"search_term_string\"}}],\"inLanguage\":\"de\"}]}<\/script>\n<!-- \/ Yoast SEO plugin. -->","yoast_head_json":{"title":"Konzept \"Pinguin Pingu\" als PDF - KIKU Shop","robots":{"index":"index","follow":"follow","max-snippet":"max-snippet:-1","max-image-preview":"max-image-preview:large","max-video-preview":"max-video-preview:-1"},"canonical":"https:\/\/kinderkultur.net\/shop\/product\/konzept-pinguin-pingu-als-pdf\/","og_locale":"de_DE","og_type":"article","og_title":"Konzept \"Pinguin Pingu\" als PDF - KIKU Shop","og_description":"Konzept steht nach dem Bezahlen als PDF Download bereit","og_url":"https:\/\/kinderkultur.net\/shop\/product\/konzept-pinguin-pingu-als-pdf\/","og_site_name":"KIKU Shop","article_modified_time":"2025-03-13T19:49:38+00:00","twitter_card":"summary_large_image","twitter_misc":{"Gesch\u00e4tzte Lesezeit":"1\u00a0Minute"},"schema":{"@context":"https:\/\/schema.org","@graph":[{"@type":"WebPage","@id":"https:\/\/kinderkultur.net\/shop\/product\/konzept-pinguin-pingu-als-pdf\/","url":"https:\/\/kinderkultur.net\/shop\/product\/konzept-pinguin-pingu-als-pdf\/","name":"Konzept \"Pinguin Pingu\" als PDF - KIKU Shop","isPartOf":{"@id":"https:\/\/kinderkultur.net\/shop\/#website"},"datePublished":"2025-01-06T07:24:57+00:00","dateModified":"2025-03-13T19:49:38+00:00","breadcrumb":{"@id":"https:\/\/kinderkultur.net\/shop\/product\/konzept-pinguin-pingu-als-pdf\/#breadcrumb"},"inLanguage":"de","potentialAction":[{"@type":"ReadAction","target":["https:\/\/kinderkultur.net\/shop\/product\/konzept-pinguin-pingu-als-pdf\/"]}]},{"@type":"BreadcrumbList","@id":"https:\/\/kinderkultur.net\/shop\/product\/konzept-pinguin-pingu-als-pdf\/#breadcrumb","itemListElement":[{"@type":"ListItem","position":1,"name":"Home","item":"https:\/\/kinderkultur.net\/shop\/"},{"@type":"ListItem","position":2,"name":"Konzept &#8222;Pinguin Pingu&#8220; als PDF"}]},{"@type":"WebSite","@id":"https:\/\/kinderkultur.net\/shop\/#website","url":"https:\/\/kinderkultur.net\/shop\/","name":"KIKU Shop","description":"","potentialAction":[{"@type":"SearchAction","target":{"@type":"EntryPoint","urlTemplate":"https:\/\/kinderkultur.net\/shop\/?s={search_term_string}"},"query-input":{"@type":"PropertyValueSpecification","valueRequired":true,"valueName":"search_term_string"}}],"inLanguage":"de"}]}},"jetpack_sharing_enabled":true,"_links":{"self":[{"href":"https:\/\/kinderkultur.net\/shop\/wp-json\/wp\/v2\/product\/375","targetHints":{"allow":["GET"]}}],"collection":[{"href":"https:\/\/kinderkultur.net\/shop\/wp-json\/wp\/v2\/product"}],"about":[{"href":"https:\/\/kinderkultur.net\/shop\/wp-json\/wp\/v2\/types\/product"}],"replies":[{"embeddable":true,"href":"https:\/\/kinderkultur.net\/shop\/wp-json\/wp\/v2\/comments?post=375"}],"wp:attachment":[{"href":"https:\/\/kinderkultur.net\/shop\/wp-json\/wp\/v2\/media?parent=375"}],"wp:term":[{"taxonomy":"product_brand","embeddable":true,"href":"https:\/\/kinderkultur.net\/shop\/wp-json\/wp\/v2\/product_brand?post=375"},{"taxonomy":"product_cat","embeddable":true,"href":"https:\/\/kinderkultur.net\/shop\/wp-json\/wp\/v2\/product_cat?post=375"},{"taxonomy":"product_tag","embeddable":true,"href":"https:\/\/kinderkultur.net\/shop\/wp-json\/wp\/v2\/product_tag?post=375"}],"curies":[{"name":"wp","href":"https:\/\/api.w.org\/{rel}","templated":true}]}}