
{"id":294,"date":"2023-02-10T14:39:23","date_gmt":"2023-02-10T14:39:23","guid":{"rendered":"https:\/\/kinderkultur.net\/shop\/?post_type=product&#038;p=294"},"modified":"2023-08-30T14:41:33","modified_gmt":"2023-08-30T14:41:33","slug":"konzept-ach-du-kleine-schnecke-als-spiralringbuch-2","status":"publish","type":"product","link":"https:\/\/kinderkultur.net\/shop\/product\/konzept-ach-du-kleine-schnecke-als-spiralringbuch-2\/","title":{"rendered":"Konzept &#8222;Ach, du kleine Schnecke\u201c als Spiralringbuch"},"content":{"rendered":"<p>Gerne bieten wir Ihnen auch unsere Konzepte als gedruckte Versionen an.<br \/>\nHier haben wir uns f\u00fcr eine Spieralbundung entschieden, da dieses im h\u00e4ndling f\u00fcr den t\u00e4glichen Gebrauch am besten geeignet ist.<br \/>\nSie l\u00e4st sich um 360 \u00b0 umschlagen und ist daher sehr platzsparend<\/p>\n","protected":false},"excerpt":{"rendered":"<p>Gerne bieten wir Ihnen auch unsere Konzepte als gedruckte Versionen an. Hier haben wir uns f\u00fcr eine Spieralbundung entschieden, da dieses im h\u00e4ndling f\u00fcr den t\u00e4glichen Gebrauch am besten geeignet ist. Sie l\u00e4st sich um 360 \u00b0 umschlagen und ist daher sehr platzsparend<\/p>\n","protected":false},"featured_media":287,"comment_status":"closed","ping_status":"closed","template":"","meta":[],"product_brand":[],"product_cat":[18],"product_tag":[],"class_list":{"0":"post-294","1":"product","2":"type-product","3":"status-publish","4":"has-post-thumbnail","6":"product_cat-musikkonzepte","7":"with-featured-image","9":"first","10":"instock","11":"shipping-taxable","12":"purchasable","13":"product-type-simple"},"yoast_head":"<!-- This site is optimized with the Yoast SEO plugin v26.8 - https:\/\/yoast.com\/product\/yoast-seo-wordpress\/ -->\n<title>Konzept &quot;Ach, du kleine Schnecke\u201c als Spiralringbuch - KIKU Shop<\/title>\n<meta name=\"robots\" content=\"index, follow, max-snippet:-1, max-image-preview:large, max-video-preview:-1\" \/>\n<link rel=\"canonical\" href=\"https:\/\/kinderkultur.net\/shop\/product\/konzept-ach-du-kleine-schnecke-als-spiralringbuch-2\/\" \/>\n<meta property=\"og:locale\" content=\"de_DE\" \/>\n<meta property=\"og:type\" content=\"article\" \/>\n<meta property=\"og:title\" content=\"Konzept &quot;Ach, du kleine Schnecke\u201c als Spiralringbuch - KIKU Shop\" \/>\n<meta property=\"og:description\" content=\"Gerne bieten wir Ihnen auch unsere Konzepte als gedruckte Versionen an. Hier haben wir uns f\u00fcr eine Spieralbundung entschieden, da dieses im h\u00e4ndling f\u00fcr den t\u00e4glichen Gebrauch am besten geeignet ist. Sie l\u00e4st sich um 360 \u00b0 umschlagen und ist daher sehr platzsparend\" \/>\n<meta property=\"og:url\" content=\"https:\/\/kinderkultur.net\/shop\/product\/konzept-ach-du-kleine-schnecke-als-spiralringbuch-2\/\" \/>\n<meta property=\"og:site_name\" content=\"KIKU Shop\" \/>\n<meta property=\"article:modified_time\" content=\"2023-08-30T14:41:33+00:00\" \/>\n<meta property=\"og:image\" content=\"https:\/\/kinderkultur.net\/shop\/wp-content\/uploads\/2023\/08\/Spiralbindung_kleine_Eule.png\" \/>\n\t<meta property=\"og:image:width\" content=\"1340\" \/>\n\t<meta property=\"og:image:height\" content=\"1040\" \/>\n\t<meta property=\"og:image:type\" content=\"image\/png\" \/>\n<meta name=\"twitter:card\" content=\"summary_large_image\" \/>\n<meta name=\"twitter:label1\" content=\"Gesch\u00e4tzte Lesezeit\" \/>\n\t<meta name=\"twitter:data1\" content=\"1\u00a0Minute\" \/>\n<script type=\"application\/ld+json\" class=\"yoast-schema-graph\">{\"@context\":\"https:\/\/schema.org\",\"@graph\":[{\"@type\":\"WebPage\",\"@id\":\"https:\/\/kinderkultur.net\/shop\/product\/konzept-ach-du-kleine-schnecke-als-spiralringbuch-2\/\",\"url\":\"https:\/\/kinderkultur.net\/shop\/product\/konzept-ach-du-kleine-schnecke-als-spiralringbuch-2\/\",\"name\":\"Konzept \\\"Ach, du kleine Schnecke\u201c als Spiralringbuch - KIKU Shop\",\"isPartOf\":{\"@id\":\"https:\/\/kinderkultur.net\/shop\/#website\"},\"primaryImageOfPage\":{\"@id\":\"https:\/\/kinderkultur.net\/shop\/product\/konzept-ach-du-kleine-schnecke-als-spiralringbuch-2\/#primaryimage\"},\"image\":{\"@id\":\"https:\/\/kinderkultur.net\/shop\/product\/konzept-ach-du-kleine-schnecke-als-spiralringbuch-2\/#primaryimage\"},\"thumbnailUrl\":\"https:\/\/kinderkultur.net\/shop\/wp-content\/uploads\/2023\/08\/Spiralbindung_kleine_Eule.png\",\"datePublished\":\"2023-02-10T14:39:23+00:00\",\"dateModified\":\"2023-08-30T14:41:33+00:00\",\"breadcrumb\":{\"@id\":\"https:\/\/kinderkultur.net\/shop\/product\/konzept-ach-du-kleine-schnecke-als-spiralringbuch-2\/#breadcrumb\"},\"inLanguage\":\"de\",\"potentialAction\":[{\"@type\":\"ReadAction\",\"target\":[\"https:\/\/kinderkultur.net\/shop\/product\/konzept-ach-du-kleine-schnecke-als-spiralringbuch-2\/\"]}]},{\"@type\":\"ImageObject\",\"inLanguage\":\"de\",\"@id\":\"https:\/\/kinderkultur.net\/shop\/product\/konzept-ach-du-kleine-schnecke-als-spiralringbuch-2\/#primaryimage\",\"url\":\"https:\/\/kinderkultur.net\/shop\/wp-content\/uploads\/2023\/08\/Spiralbindung_kleine_Eule.png\",\"contentUrl\":\"https:\/\/kinderkultur.net\/shop\/wp-content\/uploads\/2023\/08\/Spiralbindung_kleine_Eule.png\",\"width\":1340,\"height\":1040},{\"@type\":\"BreadcrumbList\",\"@id\":\"https:\/\/kinderkultur.net\/shop\/product\/konzept-ach-du-kleine-schnecke-als-spiralringbuch-2\/#breadcrumb\",\"itemListElement\":[{\"@type\":\"ListItem\",\"position\":1,\"name\":\"Home\",\"item\":\"https:\/\/kinderkultur.net\/shop\/\"},{\"@type\":\"ListItem\",\"position\":2,\"name\":\"Konzept &#8222;Ach, du kleine Schnecke\u201c als Spiralringbuch\"}]},{\"@type\":\"WebSite\",\"@id\":\"https:\/\/kinderkultur.net\/shop\/#website\",\"url\":\"https:\/\/kinderkultur.net\/shop\/\",\"name\":\"KIKU Shop\",\"description\":\"\",\"potentialAction\":[{\"@type\":\"SearchAction\",\"target\":{\"@type\":\"EntryPoint\",\"urlTemplate\":\"https:\/\/kinderkultur.net\/shop\/?s={search_term_string}\"},\"query-input\":{\"@type\":\"PropertyValueSpecification\",\"valueRequired\":true,\"valueName\":\"search_term_string\"}}],\"inLanguage\":\"de\"}]}<\/script>\n<!-- \/ Yoast SEO plugin. -->","yoast_head_json":{"title":"Konzept \"Ach, du kleine Schnecke\u201c als Spiralringbuch - KIKU Shop","robots":{"index":"index","follow":"follow","max-snippet":"max-snippet:-1","max-image-preview":"max-image-preview:large","max-video-preview":"max-video-preview:-1"},"canonical":"https:\/\/kinderkultur.net\/shop\/product\/konzept-ach-du-kleine-schnecke-als-spiralringbuch-2\/","og_locale":"de_DE","og_type":"article","og_title":"Konzept \"Ach, du kleine Schnecke\u201c als Spiralringbuch - KIKU Shop","og_description":"Gerne bieten wir Ihnen auch unsere Konzepte als gedruckte Versionen an. Hier haben wir uns f\u00fcr eine Spieralbundung entschieden, da dieses im h\u00e4ndling f\u00fcr den t\u00e4glichen Gebrauch am besten geeignet ist. Sie l\u00e4st sich um 360 \u00b0 umschlagen und ist daher sehr platzsparend","og_url":"https:\/\/kinderkultur.net\/shop\/product\/konzept-ach-du-kleine-schnecke-als-spiralringbuch-2\/","og_site_name":"KIKU Shop","article_modified_time":"2023-08-30T14:41:33+00:00","og_image":[{"width":1340,"height":1040,"url":"https:\/\/kinderkultur.net\/shop\/wp-content\/uploads\/2023\/08\/Spiralbindung_kleine_Eule.png","type":"image\/png"}],"twitter_card":"summary_large_image","twitter_misc":{"Gesch\u00e4tzte Lesezeit":"1\u00a0Minute"},"schema":{"@context":"https:\/\/schema.org","@graph":[{"@type":"WebPage","@id":"https:\/\/kinderkultur.net\/shop\/product\/konzept-ach-du-kleine-schnecke-als-spiralringbuch-2\/","url":"https:\/\/kinderkultur.net\/shop\/product\/konzept-ach-du-kleine-schnecke-als-spiralringbuch-2\/","name":"Konzept \"Ach, du kleine Schnecke\u201c als Spiralringbuch - KIKU Shop","isPartOf":{"@id":"https:\/\/kinderkultur.net\/shop\/#website"},"primaryImageOfPage":{"@id":"https:\/\/kinderkultur.net\/shop\/product\/konzept-ach-du-kleine-schnecke-als-spiralringbuch-2\/#primaryimage"},"image":{"@id":"https:\/\/kinderkultur.net\/shop\/product\/konzept-ach-du-kleine-schnecke-als-spiralringbuch-2\/#primaryimage"},"thumbnailUrl":"https:\/\/kinderkultur.net\/shop\/wp-content\/uploads\/2023\/08\/Spiralbindung_kleine_Eule.png","datePublished":"2023-02-10T14:39:23+00:00","dateModified":"2023-08-30T14:41:33+00:00","breadcrumb":{"@id":"https:\/\/kinderkultur.net\/shop\/product\/konzept-ach-du-kleine-schnecke-als-spiralringbuch-2\/#breadcrumb"},"inLanguage":"de","potentialAction":[{"@type":"ReadAction","target":["https:\/\/kinderkultur.net\/shop\/product\/konzept-ach-du-kleine-schnecke-als-spiralringbuch-2\/"]}]},{"@type":"ImageObject","inLanguage":"de","@id":"https:\/\/kinderkultur.net\/shop\/product\/konzept-ach-du-kleine-schnecke-als-spiralringbuch-2\/#primaryimage","url":"https:\/\/kinderkultur.net\/shop\/wp-content\/uploads\/2023\/08\/Spiralbindung_kleine_Eule.png","contentUrl":"https:\/\/kinderkultur.net\/shop\/wp-content\/uploads\/2023\/08\/Spiralbindung_kleine_Eule.png","width":1340,"height":1040},{"@type":"BreadcrumbList","@id":"https:\/\/kinderkultur.net\/shop\/product\/konzept-ach-du-kleine-schnecke-als-spiralringbuch-2\/#breadcrumb","itemListElement":[{"@type":"ListItem","position":1,"name":"Home","item":"https:\/\/kinderkultur.net\/shop\/"},{"@type":"ListItem","position":2,"name":"Konzept &#8222;Ach, du kleine Schnecke\u201c als Spiralringbuch"}]},{"@type":"WebSite","@id":"https:\/\/kinderkultur.net\/shop\/#website","url":"https:\/\/kinderkultur.net\/shop\/","name":"KIKU Shop","description":"","potentialAction":[{"@type":"SearchAction","target":{"@type":"EntryPoint","urlTemplate":"https:\/\/kinderkultur.net\/shop\/?s={search_term_string}"},"query-input":{"@type":"PropertyValueSpecification","valueRequired":true,"valueName":"search_term_string"}}],"inLanguage":"de"}]}},"jetpack_sharing_enabled":true,"_links":{"self":[{"href":"https:\/\/kinderkultur.net\/shop\/wp-json\/wp\/v2\/product\/294","targetHints":{"allow":["GET"]}}],"collection":[{"href":"https:\/\/kinderkultur.net\/shop\/wp-json\/wp\/v2\/product"}],"about":[{"href":"https:\/\/kinderkultur.net\/shop\/wp-json\/wp\/v2\/types\/product"}],"replies":[{"embeddable":true,"href":"https:\/\/kinderkultur.net\/shop\/wp-json\/wp\/v2\/comments?post=294"}],"wp:featuredmedia":[{"embeddable":true,"href":"https:\/\/kinderkultur.net\/shop\/wp-json\/wp\/v2\/media\/287"}],"wp:attachment":[{"href":"https:\/\/kinderkultur.net\/shop\/wp-json\/wp\/v2\/media?parent=294"}],"wp:term":[{"taxonomy":"product_brand","embeddable":true,"href":"https:\/\/kinderkultur.net\/shop\/wp-json\/wp\/v2\/product_brand?post=294"},{"taxonomy":"product_cat","embeddable":true,"href":"https:\/\/kinderkultur.net\/shop\/wp-json\/wp\/v2\/product_cat?post=294"},{"taxonomy":"product_tag","embeddable":true,"href":"https:\/\/kinderkultur.net\/shop\/wp-json\/wp\/v2\/product_tag?post=294"}],"curies":[{"name":"wp","href":"https:\/\/api.w.org\/{rel}","templated":true}]}}