
{"id":291,"date":"2023-02-20T14:16:41","date_gmt":"2023-02-20T14:16:41","guid":{"rendered":"https:\/\/kinderkultur.net\/shop\/?post_type=product&#038;p=291"},"modified":"2025-03-13T20:05:15","modified_gmt":"2025-03-13T20:05:15","slug":"konzept-ach-du-kleine-schnecke-als-spiralringbuch","status":"publish","type":"product","link":"https:\/\/kinderkultur.net\/shop\/product\/konzept-ach-du-kleine-schnecke-als-spiralringbuch\/","title":{"rendered":"Konzept &#8222;Ach, du kleine Schnecke&#8220; als PDF Download"},"content":{"rendered":"<p><strong>Ach, du kleine Schnecke<\/strong><br \/>\nEine Mappe mit Inhalten f\u00fcr die Musikalische Fr\u00fcherziehung<br \/>\nin der Kita oder Musikschule f\u00fcr 3,5 bis 6j\u00e4hrige Kinder<br \/>\n<strong>PDF als Download<\/strong><\/p>\n<p>Der Wechsel zwischen langsamer und schneller Bewegung ist f\u00fcr Kinder ein gro\u00dfer Spa\u00df.<br \/>\nAuch in der Musik sind die Parameter langsam und schnell st\u00e4ndig pr\u00e4sent.<br \/>\nDas Lied \u201eAch du kleine Schnecke\u201c (Klaus Neuhaus)\u00a0 eignet sich daher hervoragend f\u00fcr die Vermittlung dieses musikalischen Inhaltes. Welches Kind hat keinen Spa\u00df daran mit der Schnecke langsam zu kriechen und mit dem Hasen schnell zu hoppeln?<br \/>\nEine musikalische Fr\u00fcherziehungsmappe mit vielen Ideen, Spielen, ausgearbeiteten<br \/>\nMalvorlagen, Bastelarbeiten- alles zu einem musikalischen Thema und Lied.<br \/>\nMit dieser Themenmappe f\u00fcr die musikalische Fr\u00fcherziehung braucht man keine lange Vorbereitungszeit mehr, man kann sofort loslegen.<br \/>\nWeitere Bildungsinhalte: Sprachf\u00f6rderung, Tanz, Bewegung, Rhythmik, Gestalten, Feinmotorik,<br \/>\nalles aus einem Guss und zu einem Thema.<br \/>\nViele Ideen auch f\u00fcr den Morgenkreis oder kleine Auff\u00fchrungen.<\/p>\n<p><strong>Zum Anh\u00f6ren:<\/strong><\/p>\n<p><iframe loading=\"lazy\" title=\"YouTube video player\" src=\"https:\/\/www.youtube.com\/embed\/dl6pzj_b6bU\" width=\"280\" height=\"157\" frameborder=\"0\" allowfullscreen=\"allowfullscreen\"><\/iframe><\/p>\n","protected":false},"excerpt":{"rendered":"<p>Konzept steht nach dem Bezahlen als PDF Download bereit<\/p>\n","protected":false},"featured_media":194,"comment_status":"closed","ping_status":"closed","template":"","meta":[],"product_brand":[],"product_cat":[18],"product_tag":[],"class_list":{"0":"post-291","1":"product","2":"type-product","3":"status-publish","4":"has-post-thumbnail","6":"product_cat-musikkonzepte","7":"with-featured-image","9":"first","10":"instock","11":"downloadable","12":"virtual","13":"purchasable","14":"product-type-simple"},"yoast_head":"<!-- This site is optimized with the Yoast SEO plugin v26.8 - https:\/\/yoast.com\/product\/yoast-seo-wordpress\/ -->\n<title>Konzept &quot;Ach, du kleine Schnecke&quot; als PDF Download - KIKU Shop<\/title>\n<meta name=\"robots\" content=\"index, follow, max-snippet:-1, max-image-preview:large, max-video-preview:-1\" \/>\n<link rel=\"canonical\" href=\"https:\/\/kinderkultur.net\/shop\/product\/konzept-ach-du-kleine-schnecke-als-spiralringbuch\/\" \/>\n<meta property=\"og:locale\" content=\"de_DE\" \/>\n<meta property=\"og:type\" content=\"article\" \/>\n<meta property=\"og:title\" content=\"Konzept &quot;Ach, du kleine Schnecke&quot; als PDF Download - KIKU Shop\" \/>\n<meta property=\"og:description\" content=\"Konzept steht nach dem Bezahlen als PDF Download bereit\" \/>\n<meta property=\"og:url\" content=\"https:\/\/kinderkultur.net\/shop\/product\/konzept-ach-du-kleine-schnecke-als-spiralringbuch\/\" \/>\n<meta property=\"og:site_name\" content=\"KIKU Shop\" \/>\n<meta property=\"article:modified_time\" content=\"2025-03-13T20:05:15+00:00\" \/>\n<meta property=\"og:image\" content=\"https:\/\/kinderkultur.net\/shop\/wp-content\/uploads\/2022\/02\/Schnecke_Beitragsbilder1.jpg\" \/>\n\t<meta property=\"og:image:width\" content=\"1512\" \/>\n\t<meta property=\"og:image:height\" content=\"1512\" \/>\n\t<meta property=\"og:image:type\" content=\"image\/jpeg\" \/>\n<meta name=\"twitter:card\" content=\"summary_large_image\" \/>\n<meta name=\"twitter:label1\" content=\"Gesch\u00e4tzte Lesezeit\" \/>\n\t<meta name=\"twitter:data1\" content=\"2\u00a0Minuten\" \/>\n<script type=\"application\/ld+json\" class=\"yoast-schema-graph\">{\"@context\":\"https:\/\/schema.org\",\"@graph\":[{\"@type\":\"WebPage\",\"@id\":\"https:\/\/kinderkultur.net\/shop\/product\/konzept-ach-du-kleine-schnecke-als-spiralringbuch\/\",\"url\":\"https:\/\/kinderkultur.net\/shop\/product\/konzept-ach-du-kleine-schnecke-als-spiralringbuch\/\",\"name\":\"Konzept \\\"Ach, du kleine Schnecke\\\" als PDF Download - KIKU Shop\",\"isPartOf\":{\"@id\":\"https:\/\/kinderkultur.net\/shop\/#website\"},\"primaryImageOfPage\":{\"@id\":\"https:\/\/kinderkultur.net\/shop\/product\/konzept-ach-du-kleine-schnecke-als-spiralringbuch\/#primaryimage\"},\"image\":{\"@id\":\"https:\/\/kinderkultur.net\/shop\/product\/konzept-ach-du-kleine-schnecke-als-spiralringbuch\/#primaryimage\"},\"thumbnailUrl\":\"https:\/\/kinderkultur.net\/shop\/wp-content\/uploads\/2022\/02\/Schnecke_Beitragsbilder1.jpg\",\"datePublished\":\"2023-02-20T14:16:41+00:00\",\"dateModified\":\"2025-03-13T20:05:15+00:00\",\"breadcrumb\":{\"@id\":\"https:\/\/kinderkultur.net\/shop\/product\/konzept-ach-du-kleine-schnecke-als-spiralringbuch\/#breadcrumb\"},\"inLanguage\":\"de\",\"potentialAction\":[{\"@type\":\"ReadAction\",\"target\":[\"https:\/\/kinderkultur.net\/shop\/product\/konzept-ach-du-kleine-schnecke-als-spiralringbuch\/\"]}]},{\"@type\":\"ImageObject\",\"inLanguage\":\"de\",\"@id\":\"https:\/\/kinderkultur.net\/shop\/product\/konzept-ach-du-kleine-schnecke-als-spiralringbuch\/#primaryimage\",\"url\":\"https:\/\/kinderkultur.net\/shop\/wp-content\/uploads\/2022\/02\/Schnecke_Beitragsbilder1.jpg\",\"contentUrl\":\"https:\/\/kinderkultur.net\/shop\/wp-content\/uploads\/2022\/02\/Schnecke_Beitragsbilder1.jpg\",\"width\":1512,\"height\":1512},{\"@type\":\"BreadcrumbList\",\"@id\":\"https:\/\/kinderkultur.net\/shop\/product\/konzept-ach-du-kleine-schnecke-als-spiralringbuch\/#breadcrumb\",\"itemListElement\":[{\"@type\":\"ListItem\",\"position\":1,\"name\":\"Home\",\"item\":\"https:\/\/kinderkultur.net\/shop\/\"},{\"@type\":\"ListItem\",\"position\":2,\"name\":\"Konzept &#8222;Ach, du kleine Schnecke&#8220; als PDF Download\"}]},{\"@type\":\"WebSite\",\"@id\":\"https:\/\/kinderkultur.net\/shop\/#website\",\"url\":\"https:\/\/kinderkultur.net\/shop\/\",\"name\":\"KIKU Shop\",\"description\":\"\",\"potentialAction\":[{\"@type\":\"SearchAction\",\"target\":{\"@type\":\"EntryPoint\",\"urlTemplate\":\"https:\/\/kinderkultur.net\/shop\/?s={search_term_string}\"},\"query-input\":{\"@type\":\"PropertyValueSpecification\",\"valueRequired\":true,\"valueName\":\"search_term_string\"}}],\"inLanguage\":\"de\"}]}<\/script>\n<!-- \/ Yoast SEO plugin. -->","yoast_head_json":{"title":"Konzept \"Ach, du kleine Schnecke\" als PDF Download - KIKU Shop","robots":{"index":"index","follow":"follow","max-snippet":"max-snippet:-1","max-image-preview":"max-image-preview:large","max-video-preview":"max-video-preview:-1"},"canonical":"https:\/\/kinderkultur.net\/shop\/product\/konzept-ach-du-kleine-schnecke-als-spiralringbuch\/","og_locale":"de_DE","og_type":"article","og_title":"Konzept \"Ach, du kleine Schnecke\" als PDF Download - KIKU Shop","og_description":"Konzept steht nach dem Bezahlen als PDF Download bereit","og_url":"https:\/\/kinderkultur.net\/shop\/product\/konzept-ach-du-kleine-schnecke-als-spiralringbuch\/","og_site_name":"KIKU Shop","article_modified_time":"2025-03-13T20:05:15+00:00","og_image":[{"width":1512,"height":1512,"url":"https:\/\/kinderkultur.net\/shop\/wp-content\/uploads\/2022\/02\/Schnecke_Beitragsbilder1.jpg","type":"image\/jpeg"}],"twitter_card":"summary_large_image","twitter_misc":{"Gesch\u00e4tzte Lesezeit":"2\u00a0Minuten"},"schema":{"@context":"https:\/\/schema.org","@graph":[{"@type":"WebPage","@id":"https:\/\/kinderkultur.net\/shop\/product\/konzept-ach-du-kleine-schnecke-als-spiralringbuch\/","url":"https:\/\/kinderkultur.net\/shop\/product\/konzept-ach-du-kleine-schnecke-als-spiralringbuch\/","name":"Konzept \"Ach, du kleine Schnecke\" als PDF Download - KIKU Shop","isPartOf":{"@id":"https:\/\/kinderkultur.net\/shop\/#website"},"primaryImageOfPage":{"@id":"https:\/\/kinderkultur.net\/shop\/product\/konzept-ach-du-kleine-schnecke-als-spiralringbuch\/#primaryimage"},"image":{"@id":"https:\/\/kinderkultur.net\/shop\/product\/konzept-ach-du-kleine-schnecke-als-spiralringbuch\/#primaryimage"},"thumbnailUrl":"https:\/\/kinderkultur.net\/shop\/wp-content\/uploads\/2022\/02\/Schnecke_Beitragsbilder1.jpg","datePublished":"2023-02-20T14:16:41+00:00","dateModified":"2025-03-13T20:05:15+00:00","breadcrumb":{"@id":"https:\/\/kinderkultur.net\/shop\/product\/konzept-ach-du-kleine-schnecke-als-spiralringbuch\/#breadcrumb"},"inLanguage":"de","potentialAction":[{"@type":"ReadAction","target":["https:\/\/kinderkultur.net\/shop\/product\/konzept-ach-du-kleine-schnecke-als-spiralringbuch\/"]}]},{"@type":"ImageObject","inLanguage":"de","@id":"https:\/\/kinderkultur.net\/shop\/product\/konzept-ach-du-kleine-schnecke-als-spiralringbuch\/#primaryimage","url":"https:\/\/kinderkultur.net\/shop\/wp-content\/uploads\/2022\/02\/Schnecke_Beitragsbilder1.jpg","contentUrl":"https:\/\/kinderkultur.net\/shop\/wp-content\/uploads\/2022\/02\/Schnecke_Beitragsbilder1.jpg","width":1512,"height":1512},{"@type":"BreadcrumbList","@id":"https:\/\/kinderkultur.net\/shop\/product\/konzept-ach-du-kleine-schnecke-als-spiralringbuch\/#breadcrumb","itemListElement":[{"@type":"ListItem","position":1,"name":"Home","item":"https:\/\/kinderkultur.net\/shop\/"},{"@type":"ListItem","position":2,"name":"Konzept &#8222;Ach, du kleine Schnecke&#8220; als PDF Download"}]},{"@type":"WebSite","@id":"https:\/\/kinderkultur.net\/shop\/#website","url":"https:\/\/kinderkultur.net\/shop\/","name":"KIKU Shop","description":"","potentialAction":[{"@type":"SearchAction","target":{"@type":"EntryPoint","urlTemplate":"https:\/\/kinderkultur.net\/shop\/?s={search_term_string}"},"query-input":{"@type":"PropertyValueSpecification","valueRequired":true,"valueName":"search_term_string"}}],"inLanguage":"de"}]}},"jetpack_sharing_enabled":true,"_links":{"self":[{"href":"https:\/\/kinderkultur.net\/shop\/wp-json\/wp\/v2\/product\/291","targetHints":{"allow":["GET"]}}],"collection":[{"href":"https:\/\/kinderkultur.net\/shop\/wp-json\/wp\/v2\/product"}],"about":[{"href":"https:\/\/kinderkultur.net\/shop\/wp-json\/wp\/v2\/types\/product"}],"replies":[{"embeddable":true,"href":"https:\/\/kinderkultur.net\/shop\/wp-json\/wp\/v2\/comments?post=291"}],"wp:featuredmedia":[{"embeddable":true,"href":"https:\/\/kinderkultur.net\/shop\/wp-json\/wp\/v2\/media\/194"}],"wp:attachment":[{"href":"https:\/\/kinderkultur.net\/shop\/wp-json\/wp\/v2\/media?parent=291"}],"wp:term":[{"taxonomy":"product_brand","embeddable":true,"href":"https:\/\/kinderkultur.net\/shop\/wp-json\/wp\/v2\/product_brand?post=291"},{"taxonomy":"product_cat","embeddable":true,"href":"https:\/\/kinderkultur.net\/shop\/wp-json\/wp\/v2\/product_cat?post=291"},{"taxonomy":"product_tag","embeddable":true,"href":"https:\/\/kinderkultur.net\/shop\/wp-json\/wp\/v2\/product_tag?post=291"}],"curies":[{"name":"wp","href":"https:\/\/api.w.org\/{rel}","templated":true}]}}