
{"id":268,"date":"2023-08-27T19:11:58","date_gmt":"2023-08-27T19:11:58","guid":{"rendered":"https:\/\/kinderkultur.net\/shop\/?post_type=product&#038;p=268"},"modified":"2023-08-28T18:36:14","modified_gmt":"2023-08-28T18:36:14","slug":"druckversion-als-spiralbindung","status":"publish","type":"product","link":"https:\/\/kinderkultur.net\/shop\/product\/druckversion-als-spiralbindung\/","title":{"rendered":"Konzept als Spiralringbuch"},"content":{"rendered":"<p>Gerne bieten wir Ihnen auch unsere Konzepte als gedruckte Versionen an.<br \/>\nHier haben wir uns f\u00fcr eine Spieralbundung entschieden, da dieses im h\u00e4ndling f\u00fcr den t\u00e4glichen Gebrauch am besten geeignet ist.<br \/>\nSie l\u00e4st sich um 360 \u00b0 umschlagen und ist daher sehr platzsparend<\/p>\n","protected":false},"excerpt":{"rendered":"<p>Gerne bieten wir Ihnen auch unsere Konzepte als gedruckte Versionen an. Hier haben wir uns f\u00fcr eine Spieralbundung entschieden, da dieses im h\u00e4ndling f\u00fcr den t\u00e4glichen Gebrauch am besten geeignet ist. Sie l\u00e4st sich um 360 \u00b0 umschlagen und ist daher sehr platzsparend<\/p>\n","protected":false},"featured_media":271,"comment_status":"closed","ping_status":"closed","template":"","meta":[],"product_brand":[],"product_cat":[15],"product_tag":[],"class_list":{"0":"post-268","1":"product","2":"type-product","3":"status-publish","4":"has-post-thumbnail","6":"product_cat-uncategorized","7":"with-featured-image","9":"first","10":"instock","11":"shipping-taxable","12":"purchasable","13":"product-type-simple"},"yoast_head":"<!-- This site is optimized with the Yoast SEO plugin v26.8 - https:\/\/yoast.com\/product\/yoast-seo-wordpress\/ -->\n<title>Konzept als Spiralringbuch - KIKU Shop<\/title>\n<meta name=\"robots\" content=\"index, follow, max-snippet:-1, max-image-preview:large, max-video-preview:-1\" \/>\n<link rel=\"canonical\" href=\"https:\/\/kinderkultur.net\/shop\/product\/druckversion-als-spiralbindung\/\" \/>\n<meta property=\"og:locale\" content=\"de_DE\" \/>\n<meta property=\"og:type\" content=\"article\" \/>\n<meta property=\"og:title\" content=\"Konzept als Spiralringbuch - KIKU Shop\" \/>\n<meta property=\"og:description\" content=\"Gerne bieten wir Ihnen auch unsere Konzepte als gedruckte Versionen an. Hier haben wir uns f\u00fcr eine Spieralbundung entschieden, da dieses im h\u00e4ndling f\u00fcr den t\u00e4glichen Gebrauch am besten geeignet ist. Sie l\u00e4st sich um 360 \u00b0 umschlagen und ist daher sehr platzsparend\" \/>\n<meta property=\"og:url\" content=\"https:\/\/kinderkultur.net\/shop\/product\/druckversion-als-spiralbindung\/\" \/>\n<meta property=\"og:site_name\" content=\"KIKU Shop\" \/>\n<meta property=\"article:modified_time\" content=\"2023-08-28T18:36:14+00:00\" \/>\n<meta property=\"og:image\" content=\"https:\/\/kinderkultur.net\/shop\/wp-content\/uploads\/2023\/08\/Spiralbindung.png\" \/>\n\t<meta property=\"og:image:width\" content=\"980\" \/>\n\t<meta property=\"og:image:height\" content=\"1144\" \/>\n\t<meta property=\"og:image:type\" content=\"image\/png\" \/>\n<meta name=\"twitter:card\" content=\"summary_large_image\" \/>\n<meta name=\"twitter:label1\" content=\"Gesch\u00e4tzte Lesezeit\" \/>\n\t<meta name=\"twitter:data1\" content=\"1\u00a0Minute\" \/>\n<script type=\"application\/ld+json\" class=\"yoast-schema-graph\">{\"@context\":\"https:\/\/schema.org\",\"@graph\":[{\"@type\":\"WebPage\",\"@id\":\"https:\/\/kinderkultur.net\/shop\/product\/druckversion-als-spiralbindung\/\",\"url\":\"https:\/\/kinderkultur.net\/shop\/product\/druckversion-als-spiralbindung\/\",\"name\":\"Konzept als Spiralringbuch - KIKU Shop\",\"isPartOf\":{\"@id\":\"https:\/\/kinderkultur.net\/shop\/#website\"},\"primaryImageOfPage\":{\"@id\":\"https:\/\/kinderkultur.net\/shop\/product\/druckversion-als-spiralbindung\/#primaryimage\"},\"image\":{\"@id\":\"https:\/\/kinderkultur.net\/shop\/product\/druckversion-als-spiralbindung\/#primaryimage\"},\"thumbnailUrl\":\"https:\/\/kinderkultur.net\/shop\/wp-content\/uploads\/2023\/08\/Spiralbindung.png\",\"datePublished\":\"2023-08-27T19:11:58+00:00\",\"dateModified\":\"2023-08-28T18:36:14+00:00\",\"breadcrumb\":{\"@id\":\"https:\/\/kinderkultur.net\/shop\/product\/druckversion-als-spiralbindung\/#breadcrumb\"},\"inLanguage\":\"de\",\"potentialAction\":[{\"@type\":\"ReadAction\",\"target\":[\"https:\/\/kinderkultur.net\/shop\/product\/druckversion-als-spiralbindung\/\"]}]},{\"@type\":\"ImageObject\",\"inLanguage\":\"de\",\"@id\":\"https:\/\/kinderkultur.net\/shop\/product\/druckversion-als-spiralbindung\/#primaryimage\",\"url\":\"https:\/\/kinderkultur.net\/shop\/wp-content\/uploads\/2023\/08\/Spiralbindung.png\",\"contentUrl\":\"https:\/\/kinderkultur.net\/shop\/wp-content\/uploads\/2023\/08\/Spiralbindung.png\",\"width\":980,\"height\":1144},{\"@type\":\"BreadcrumbList\",\"@id\":\"https:\/\/kinderkultur.net\/shop\/product\/druckversion-als-spiralbindung\/#breadcrumb\",\"itemListElement\":[{\"@type\":\"ListItem\",\"position\":1,\"name\":\"Home\",\"item\":\"https:\/\/kinderkultur.net\/shop\/\"},{\"@type\":\"ListItem\",\"position\":2,\"name\":\"Konzept als Spiralringbuch\"}]},{\"@type\":\"WebSite\",\"@id\":\"https:\/\/kinderkultur.net\/shop\/#website\",\"url\":\"https:\/\/kinderkultur.net\/shop\/\",\"name\":\"KIKU Shop\",\"description\":\"\",\"potentialAction\":[{\"@type\":\"SearchAction\",\"target\":{\"@type\":\"EntryPoint\",\"urlTemplate\":\"https:\/\/kinderkultur.net\/shop\/?s={search_term_string}\"},\"query-input\":{\"@type\":\"PropertyValueSpecification\",\"valueRequired\":true,\"valueName\":\"search_term_string\"}}],\"inLanguage\":\"de\"}]}<\/script>\n<!-- \/ Yoast SEO plugin. -->","yoast_head_json":{"title":"Konzept als Spiralringbuch - KIKU Shop","robots":{"index":"index","follow":"follow","max-snippet":"max-snippet:-1","max-image-preview":"max-image-preview:large","max-video-preview":"max-video-preview:-1"},"canonical":"https:\/\/kinderkultur.net\/shop\/product\/druckversion-als-spiralbindung\/","og_locale":"de_DE","og_type":"article","og_title":"Konzept als Spiralringbuch - KIKU Shop","og_description":"Gerne bieten wir Ihnen auch unsere Konzepte als gedruckte Versionen an. Hier haben wir uns f\u00fcr eine Spieralbundung entschieden, da dieses im h\u00e4ndling f\u00fcr den t\u00e4glichen Gebrauch am besten geeignet ist. Sie l\u00e4st sich um 360 \u00b0 umschlagen und ist daher sehr platzsparend","og_url":"https:\/\/kinderkultur.net\/shop\/product\/druckversion-als-spiralbindung\/","og_site_name":"KIKU Shop","article_modified_time":"2023-08-28T18:36:14+00:00","og_image":[{"width":980,"height":1144,"url":"https:\/\/kinderkultur.net\/shop\/wp-content\/uploads\/2023\/08\/Spiralbindung.png","type":"image\/png"}],"twitter_card":"summary_large_image","twitter_misc":{"Gesch\u00e4tzte Lesezeit":"1\u00a0Minute"},"schema":{"@context":"https:\/\/schema.org","@graph":[{"@type":"WebPage","@id":"https:\/\/kinderkultur.net\/shop\/product\/druckversion-als-spiralbindung\/","url":"https:\/\/kinderkultur.net\/shop\/product\/druckversion-als-spiralbindung\/","name":"Konzept als Spiralringbuch - KIKU Shop","isPartOf":{"@id":"https:\/\/kinderkultur.net\/shop\/#website"},"primaryImageOfPage":{"@id":"https:\/\/kinderkultur.net\/shop\/product\/druckversion-als-spiralbindung\/#primaryimage"},"image":{"@id":"https:\/\/kinderkultur.net\/shop\/product\/druckversion-als-spiralbindung\/#primaryimage"},"thumbnailUrl":"https:\/\/kinderkultur.net\/shop\/wp-content\/uploads\/2023\/08\/Spiralbindung.png","datePublished":"2023-08-27T19:11:58+00:00","dateModified":"2023-08-28T18:36:14+00:00","breadcrumb":{"@id":"https:\/\/kinderkultur.net\/shop\/product\/druckversion-als-spiralbindung\/#breadcrumb"},"inLanguage":"de","potentialAction":[{"@type":"ReadAction","target":["https:\/\/kinderkultur.net\/shop\/product\/druckversion-als-spiralbindung\/"]}]},{"@type":"ImageObject","inLanguage":"de","@id":"https:\/\/kinderkultur.net\/shop\/product\/druckversion-als-spiralbindung\/#primaryimage","url":"https:\/\/kinderkultur.net\/shop\/wp-content\/uploads\/2023\/08\/Spiralbindung.png","contentUrl":"https:\/\/kinderkultur.net\/shop\/wp-content\/uploads\/2023\/08\/Spiralbindung.png","width":980,"height":1144},{"@type":"BreadcrumbList","@id":"https:\/\/kinderkultur.net\/shop\/product\/druckversion-als-spiralbindung\/#breadcrumb","itemListElement":[{"@type":"ListItem","position":1,"name":"Home","item":"https:\/\/kinderkultur.net\/shop\/"},{"@type":"ListItem","position":2,"name":"Konzept als Spiralringbuch"}]},{"@type":"WebSite","@id":"https:\/\/kinderkultur.net\/shop\/#website","url":"https:\/\/kinderkultur.net\/shop\/","name":"KIKU Shop","description":"","potentialAction":[{"@type":"SearchAction","target":{"@type":"EntryPoint","urlTemplate":"https:\/\/kinderkultur.net\/shop\/?s={search_term_string}"},"query-input":{"@type":"PropertyValueSpecification","valueRequired":true,"valueName":"search_term_string"}}],"inLanguage":"de"}]}},"jetpack_sharing_enabled":true,"_links":{"self":[{"href":"https:\/\/kinderkultur.net\/shop\/wp-json\/wp\/v2\/product\/268","targetHints":{"allow":["GET"]}}],"collection":[{"href":"https:\/\/kinderkultur.net\/shop\/wp-json\/wp\/v2\/product"}],"about":[{"href":"https:\/\/kinderkultur.net\/shop\/wp-json\/wp\/v2\/types\/product"}],"replies":[{"embeddable":true,"href":"https:\/\/kinderkultur.net\/shop\/wp-json\/wp\/v2\/comments?post=268"}],"wp:featuredmedia":[{"embeddable":true,"href":"https:\/\/kinderkultur.net\/shop\/wp-json\/wp\/v2\/media\/271"}],"wp:attachment":[{"href":"https:\/\/kinderkultur.net\/shop\/wp-json\/wp\/v2\/media?parent=268"}],"wp:term":[{"taxonomy":"product_brand","embeddable":true,"href":"https:\/\/kinderkultur.net\/shop\/wp-json\/wp\/v2\/product_brand?post=268"},{"taxonomy":"product_cat","embeddable":true,"href":"https:\/\/kinderkultur.net\/shop\/wp-json\/wp\/v2\/product_cat?post=268"},{"taxonomy":"product_tag","embeddable":true,"href":"https:\/\/kinderkultur.net\/shop\/wp-json\/wp\/v2\/product_tag?post=268"}],"curies":[{"name":"wp","href":"https:\/\/api.w.org\/{rel}","templated":true}]}}