
{"id":265,"date":"2023-06-19T14:48:08","date_gmt":"2023-06-19T14:48:08","guid":{"rendered":"https:\/\/kinderkultur.net\/shop\/?post_type=product&#038;p=265"},"modified":"2023-08-27T16:17:12","modified_gmt":"2023-08-27T16:17:12","slug":"die-kleine-eule-huhuhu-download-als-mp3","status":"publish","type":"product","link":"https:\/\/kinderkultur.net\/shop\/product\/die-kleine-eule-huhuhu-download-als-mp3\/","title":{"rendered":"Die kleine Eule Huhuhu Lied als MP3 zum Download"},"content":{"rendered":"<p>Die kleine Eule Huhuhu hat keine Lust in die H\u00f6hle zu kommen, nur weil es draussen kalt wird.<br \/>\nSie m\u00f6chte viel lieber tanzen und Spa\u00df haben. Ein Lied zum Mitsingen und nat\u00fcrlich zum Mittanzen!<\/p>\n<p><strong>H\u00f6rprobe<\/strong><\/p>\n<!--[if lt IE 9]><script>document.createElement('audio');<\/script><![endif]-->\n<audio class=\"wp-audio-shortcode\" id=\"audio-265-1\" preload=\"none\" style=\"width: 100%;\" controls=\"controls\"><source type=\"audio\/mpeg\" src=\"https:\/\/kinderkultur.net\/shop\/wp-content\/uploads\/2023\/07\/Die-kleine-Eule_Demo.mp3?_=1\" \/><a href=\"https:\/\/kinderkultur.net\/shop\/wp-content\/uploads\/2023\/07\/Die-kleine-Eule_Demo.mp3\">https:\/\/kinderkultur.net\/shop\/wp-content\/uploads\/2023\/07\/Die-kleine-Eule_Demo.mp3<\/a><\/audio>\n","protected":false},"excerpt":{"rendered":"<p>Musikst\u00fcck steht nach dem Bezahlen als MP3 Download bereit<\/p>\n","protected":false},"featured_media":246,"comment_status":"closed","ping_status":"closed","template":"","meta":[],"product_brand":[],"product_cat":[19],"product_tag":[],"class_list":{"0":"post-265","1":"product","2":"type-product","3":"status-publish","4":"has-post-thumbnail","6":"product_cat-mp3-fuer-die-musikkonzepte","7":"with-featured-image","9":"first","10":"instock","11":"downloadable","12":"virtual","13":"purchasable","14":"product-type-simple"},"yoast_head":"<!-- This site is optimized with the Yoast SEO plugin v26.8 - https:\/\/yoast.com\/product\/yoast-seo-wordpress\/ -->\n<title>Die kleine Eule Huhuhu Lied als MP3 zum Download - KIKU Shop<\/title>\n<meta name=\"robots\" content=\"index, follow, max-snippet:-1, max-image-preview:large, max-video-preview:-1\" \/>\n<link rel=\"canonical\" href=\"https:\/\/kinderkultur.net\/shop\/product\/die-kleine-eule-huhuhu-download-als-mp3\/\" \/>\n<meta property=\"og:locale\" content=\"de_DE\" \/>\n<meta property=\"og:type\" content=\"article\" \/>\n<meta property=\"og:title\" content=\"Die kleine Eule Huhuhu Lied als MP3 zum Download - KIKU Shop\" \/>\n<meta property=\"og:description\" content=\"Musikst\u00fcck steht nach dem Bezahlen als MP3 Download bereit\" \/>\n<meta property=\"og:url\" content=\"https:\/\/kinderkultur.net\/shop\/product\/die-kleine-eule-huhuhu-download-als-mp3\/\" \/>\n<meta property=\"og:site_name\" content=\"KIKU Shop\" \/>\n<meta property=\"article:modified_time\" content=\"2023-08-27T16:17:12+00:00\" \/>\n<meta property=\"og:image\" content=\"https:\/\/kinderkultur.net\/shop\/wp-content\/uploads\/2023\/07\/die_kleine_Eule_Cover-1.png\" \/>\n\t<meta property=\"og:image:width\" content=\"393\" \/>\n\t<meta property=\"og:image:height\" content=\"389\" \/>\n\t<meta property=\"og:image:type\" content=\"image\/png\" \/>\n<meta name=\"twitter:card\" content=\"summary_large_image\" \/>\n<meta name=\"twitter:label1\" content=\"Gesch\u00e4tzte Lesezeit\" \/>\n\t<meta name=\"twitter:data1\" content=\"1\u00a0Minute\" \/>\n<script type=\"application\/ld+json\" class=\"yoast-schema-graph\">{\"@context\":\"https:\/\/schema.org\",\"@graph\":[{\"@type\":\"WebPage\",\"@id\":\"https:\/\/kinderkultur.net\/shop\/product\/die-kleine-eule-huhuhu-download-als-mp3\/\",\"url\":\"https:\/\/kinderkultur.net\/shop\/product\/die-kleine-eule-huhuhu-download-als-mp3\/\",\"name\":\"Die kleine Eule Huhuhu Lied als MP3 zum Download - KIKU Shop\",\"isPartOf\":{\"@id\":\"https:\/\/kinderkultur.net\/shop\/#website\"},\"primaryImageOfPage\":{\"@id\":\"https:\/\/kinderkultur.net\/shop\/product\/die-kleine-eule-huhuhu-download-als-mp3\/#primaryimage\"},\"image\":{\"@id\":\"https:\/\/kinderkultur.net\/shop\/product\/die-kleine-eule-huhuhu-download-als-mp3\/#primaryimage\"},\"thumbnailUrl\":\"https:\/\/kinderkultur.net\/shop\/wp-content\/uploads\/2023\/07\/die_kleine_Eule_Cover-1.png\",\"datePublished\":\"2023-06-19T14:48:08+00:00\",\"dateModified\":\"2023-08-27T16:17:12+00:00\",\"breadcrumb\":{\"@id\":\"https:\/\/kinderkultur.net\/shop\/product\/die-kleine-eule-huhuhu-download-als-mp3\/#breadcrumb\"},\"inLanguage\":\"de\",\"potentialAction\":[{\"@type\":\"ReadAction\",\"target\":[\"https:\/\/kinderkultur.net\/shop\/product\/die-kleine-eule-huhuhu-download-als-mp3\/\"]}]},{\"@type\":\"ImageObject\",\"inLanguage\":\"de\",\"@id\":\"https:\/\/kinderkultur.net\/shop\/product\/die-kleine-eule-huhuhu-download-als-mp3\/#primaryimage\",\"url\":\"https:\/\/kinderkultur.net\/shop\/wp-content\/uploads\/2023\/07\/die_kleine_Eule_Cover-1.png\",\"contentUrl\":\"https:\/\/kinderkultur.net\/shop\/wp-content\/uploads\/2023\/07\/die_kleine_Eule_Cover-1.png\",\"width\":393,\"height\":389},{\"@type\":\"BreadcrumbList\",\"@id\":\"https:\/\/kinderkultur.net\/shop\/product\/die-kleine-eule-huhuhu-download-als-mp3\/#breadcrumb\",\"itemListElement\":[{\"@type\":\"ListItem\",\"position\":1,\"name\":\"Home\",\"item\":\"https:\/\/kinderkultur.net\/shop\/\"},{\"@type\":\"ListItem\",\"position\":2,\"name\":\"Die kleine Eule Huhuhu Lied als MP3 zum Download\"}]},{\"@type\":\"WebSite\",\"@id\":\"https:\/\/kinderkultur.net\/shop\/#website\",\"url\":\"https:\/\/kinderkultur.net\/shop\/\",\"name\":\"KIKU Shop\",\"description\":\"\",\"potentialAction\":[{\"@type\":\"SearchAction\",\"target\":{\"@type\":\"EntryPoint\",\"urlTemplate\":\"https:\/\/kinderkultur.net\/shop\/?s={search_term_string}\"},\"query-input\":{\"@type\":\"PropertyValueSpecification\",\"valueRequired\":true,\"valueName\":\"search_term_string\"}}],\"inLanguage\":\"de\"}]}<\/script>\n<!-- \/ Yoast SEO plugin. -->","yoast_head_json":{"title":"Die kleine Eule Huhuhu Lied als MP3 zum Download - KIKU Shop","robots":{"index":"index","follow":"follow","max-snippet":"max-snippet:-1","max-image-preview":"max-image-preview:large","max-video-preview":"max-video-preview:-1"},"canonical":"https:\/\/kinderkultur.net\/shop\/product\/die-kleine-eule-huhuhu-download-als-mp3\/","og_locale":"de_DE","og_type":"article","og_title":"Die kleine Eule Huhuhu Lied als MP3 zum Download - KIKU Shop","og_description":"Musikst\u00fcck steht nach dem Bezahlen als MP3 Download bereit","og_url":"https:\/\/kinderkultur.net\/shop\/product\/die-kleine-eule-huhuhu-download-als-mp3\/","og_site_name":"KIKU Shop","article_modified_time":"2023-08-27T16:17:12+00:00","og_image":[{"width":393,"height":389,"url":"https:\/\/kinderkultur.net\/shop\/wp-content\/uploads\/2023\/07\/die_kleine_Eule_Cover-1.png","type":"image\/png"}],"twitter_card":"summary_large_image","twitter_misc":{"Gesch\u00e4tzte Lesezeit":"1\u00a0Minute"},"schema":{"@context":"https:\/\/schema.org","@graph":[{"@type":"WebPage","@id":"https:\/\/kinderkultur.net\/shop\/product\/die-kleine-eule-huhuhu-download-als-mp3\/","url":"https:\/\/kinderkultur.net\/shop\/product\/die-kleine-eule-huhuhu-download-als-mp3\/","name":"Die kleine Eule Huhuhu Lied als MP3 zum Download - KIKU Shop","isPartOf":{"@id":"https:\/\/kinderkultur.net\/shop\/#website"},"primaryImageOfPage":{"@id":"https:\/\/kinderkultur.net\/shop\/product\/die-kleine-eule-huhuhu-download-als-mp3\/#primaryimage"},"image":{"@id":"https:\/\/kinderkultur.net\/shop\/product\/die-kleine-eule-huhuhu-download-als-mp3\/#primaryimage"},"thumbnailUrl":"https:\/\/kinderkultur.net\/shop\/wp-content\/uploads\/2023\/07\/die_kleine_Eule_Cover-1.png","datePublished":"2023-06-19T14:48:08+00:00","dateModified":"2023-08-27T16:17:12+00:00","breadcrumb":{"@id":"https:\/\/kinderkultur.net\/shop\/product\/die-kleine-eule-huhuhu-download-als-mp3\/#breadcrumb"},"inLanguage":"de","potentialAction":[{"@type":"ReadAction","target":["https:\/\/kinderkultur.net\/shop\/product\/die-kleine-eule-huhuhu-download-als-mp3\/"]}]},{"@type":"ImageObject","inLanguage":"de","@id":"https:\/\/kinderkultur.net\/shop\/product\/die-kleine-eule-huhuhu-download-als-mp3\/#primaryimage","url":"https:\/\/kinderkultur.net\/shop\/wp-content\/uploads\/2023\/07\/die_kleine_Eule_Cover-1.png","contentUrl":"https:\/\/kinderkultur.net\/shop\/wp-content\/uploads\/2023\/07\/die_kleine_Eule_Cover-1.png","width":393,"height":389},{"@type":"BreadcrumbList","@id":"https:\/\/kinderkultur.net\/shop\/product\/die-kleine-eule-huhuhu-download-als-mp3\/#breadcrumb","itemListElement":[{"@type":"ListItem","position":1,"name":"Home","item":"https:\/\/kinderkultur.net\/shop\/"},{"@type":"ListItem","position":2,"name":"Die kleine Eule Huhuhu Lied als MP3 zum Download"}]},{"@type":"WebSite","@id":"https:\/\/kinderkultur.net\/shop\/#website","url":"https:\/\/kinderkultur.net\/shop\/","name":"KIKU Shop","description":"","potentialAction":[{"@type":"SearchAction","target":{"@type":"EntryPoint","urlTemplate":"https:\/\/kinderkultur.net\/shop\/?s={search_term_string}"},"query-input":{"@type":"PropertyValueSpecification","valueRequired":true,"valueName":"search_term_string"}}],"inLanguage":"de"}]}},"jetpack_sharing_enabled":true,"_links":{"self":[{"href":"https:\/\/kinderkultur.net\/shop\/wp-json\/wp\/v2\/product\/265","targetHints":{"allow":["GET"]}}],"collection":[{"href":"https:\/\/kinderkultur.net\/shop\/wp-json\/wp\/v2\/product"}],"about":[{"href":"https:\/\/kinderkultur.net\/shop\/wp-json\/wp\/v2\/types\/product"}],"replies":[{"embeddable":true,"href":"https:\/\/kinderkultur.net\/shop\/wp-json\/wp\/v2\/comments?post=265"}],"wp:featuredmedia":[{"embeddable":true,"href":"https:\/\/kinderkultur.net\/shop\/wp-json\/wp\/v2\/media\/246"}],"wp:attachment":[{"href":"https:\/\/kinderkultur.net\/shop\/wp-json\/wp\/v2\/media?parent=265"}],"wp:term":[{"taxonomy":"product_brand","embeddable":true,"href":"https:\/\/kinderkultur.net\/shop\/wp-json\/wp\/v2\/product_brand?post=265"},{"taxonomy":"product_cat","embeddable":true,"href":"https:\/\/kinderkultur.net\/shop\/wp-json\/wp\/v2\/product_cat?post=265"},{"taxonomy":"product_tag","embeddable":true,"href":"https:\/\/kinderkultur.net\/shop\/wp-json\/wp\/v2\/product_tag?post=265"}],"curies":[{"name":"wp","href":"https:\/\/api.w.org\/{rel}","templated":true}]}}