
{"id":264,"date":"2023-06-19T14:29:09","date_gmt":"2023-06-19T14:29:09","guid":{"rendered":"https:\/\/kinderkultur.net\/shop\/?post_type=product&#038;p=264"},"modified":"2025-03-13T20:02:26","modified_gmt":"2025-03-13T20:02:26","slug":"konzept-die-kleine-eule-huhuhu-als-pdf","status":"publish","type":"product","link":"https:\/\/kinderkultur.net\/shop\/product\/konzept-die-kleine-eule-huhuhu-als-pdf\/","title":{"rendered":"Konzept &#8222;Die kleine Eule Huhuhu&#8220; als PDF"},"content":{"rendered":"<p class=\"western\" align=\"left\"><span style=\"font-family: Times-Bold, serif;\"><span style=\"font-size: medium;\"><b>Die kleine Eule Huhuhu<\/b><\/span><\/span><\/p>\n<p class=\"western\" align=\"left\"><span style=\"color: #000000;\">\u2028<span style=\"font-family: Times-Roman, Times New Roman, serif;\"><span style=\"font-size: medium;\">Eine Mappe mit Inhalten f\u00fcr die Musikalische Fr\u00fcherziehung\u2028in der Kita oder Musikschule f\u00fcr 3,5 bis 6j\u00e4hrige Kinder\u2028<\/span><\/span><\/span><span style=\"color: #000000;\"><span style=\"font-family: Times-Bold, serif;\"><span style=\"font-size: medium;\"><b>PDF als Download<\/b><\/span><\/span><\/span><\/p>\n<p class=\"western\" align=\"left\"><span style=\"font-family: Times-Roman, Times New Roman, serif;\"><span style=\"font-size: medium;\">Eulen sind f\u00fcr die Kinder faszinierend. Ihr charakteristisches Rufen, ihre gro\u00dfen Augen, ihr fast lautloser Flug machen sie zu einem tollen Thema auch f\u00fcr die Herbstzeit.\u2028 Das eigens f\u00fcr dieses Konzept komponierte Lied \u201eDie kleine Eule Huhuhu\u201c l\u00e4dt zum Tanzen und Bewegen ein .<br \/>\nLied und Tanz, Instrumentenspiel (Kazoo), die Tonarten Dur und Moll kennenlernen, malen, gestalten, ein Instrument basteln, das alles ist in dieser Mappe enthalten.\u2028Mit dieser Themenmappe f\u00fcr die musikalische Fr\u00fcherziehung braucht man keine lange Vorbereitungszeit mehr, man kann sofort loslegen. Mit Mal- und Bastelvorlagen zum Kopieren,\u2028 Ideen und Spielbeschreibungen zum Musizieren, Singen, Tanzen, Spielen.\u2028 Eine Kombination aus vielen Bildungsinhalten: Musik, Instrumentenspiel, Tanz, Bewegung, Rhythmik, Gestalten, Feinmotorik, Sprachf\u00f6rderung \u2013 alles aus einem Guss und zu einem Thema.\u2028Viele Ideen auch f\u00fcr den Morgenkreis oder kleine Auff\u00fchrungen.<\/span><\/span><\/p>\n","protected":false},"excerpt":{"rendered":"<p>Konzept steht nach dem Bezahlen als PDF Download bereit<\/p>\n","protected":false},"featured_media":185,"comment_status":"closed","ping_status":"closed","template":"","meta":[],"product_brand":[],"product_cat":[18],"product_tag":[],"class_list":{"0":"post-264","1":"product","2":"type-product","3":"status-publish","4":"has-post-thumbnail","6":"product_cat-musikkonzepte","7":"with-featured-image","9":"first","10":"instock","11":"downloadable","12":"virtual","13":"purchasable","14":"product-type-simple"},"yoast_head":"<!-- This site is optimized with the Yoast SEO plugin v26.8 - https:\/\/yoast.com\/product\/yoast-seo-wordpress\/ -->\n<title>Konzept &quot;Die kleine Eule Huhuhu&quot; als PDF - KIKU Shop<\/title>\n<meta name=\"robots\" content=\"index, follow, max-snippet:-1, max-image-preview:large, max-video-preview:-1\" \/>\n<link rel=\"canonical\" href=\"https:\/\/kinderkultur.net\/shop\/product\/konzept-die-kleine-eule-huhuhu-als-pdf\/\" \/>\n<meta property=\"og:locale\" content=\"de_DE\" \/>\n<meta property=\"og:type\" content=\"article\" \/>\n<meta property=\"og:title\" content=\"Konzept &quot;Die kleine Eule Huhuhu&quot; als PDF - KIKU Shop\" \/>\n<meta property=\"og:description\" content=\"Konzept steht nach dem Bezahlen als PDF Download bereit\" \/>\n<meta property=\"og:url\" content=\"https:\/\/kinderkultur.net\/shop\/product\/konzept-die-kleine-eule-huhuhu-als-pdf\/\" \/>\n<meta property=\"og:site_name\" content=\"KIKU Shop\" \/>\n<meta property=\"article:modified_time\" content=\"2025-03-13T20:02:26+00:00\" \/>\n<meta property=\"og:image\" content=\"https:\/\/kinderkultur.net\/shop\/wp-content\/uploads\/2021\/11\/Die-kleine-Eule-Huhuhu4.png\" \/>\n\t<meta property=\"og:image:width\" content=\"567\" \/>\n\t<meta property=\"og:image:height\" content=\"567\" \/>\n\t<meta property=\"og:image:type\" content=\"image\/png\" \/>\n<meta name=\"twitter:card\" content=\"summary_large_image\" \/>\n<meta name=\"twitter:label1\" content=\"Gesch\u00e4tzte Lesezeit\" \/>\n\t<meta name=\"twitter:data1\" content=\"2\u00a0Minuten\" \/>\n<script type=\"application\/ld+json\" class=\"yoast-schema-graph\">{\"@context\":\"https:\/\/schema.org\",\"@graph\":[{\"@type\":\"WebPage\",\"@id\":\"https:\/\/kinderkultur.net\/shop\/product\/konzept-die-kleine-eule-huhuhu-als-pdf\/\",\"url\":\"https:\/\/kinderkultur.net\/shop\/product\/konzept-die-kleine-eule-huhuhu-als-pdf\/\",\"name\":\"Konzept \\\"Die kleine Eule Huhuhu\\\" als PDF - KIKU Shop\",\"isPartOf\":{\"@id\":\"https:\/\/kinderkultur.net\/shop\/#website\"},\"primaryImageOfPage\":{\"@id\":\"https:\/\/kinderkultur.net\/shop\/product\/konzept-die-kleine-eule-huhuhu-als-pdf\/#primaryimage\"},\"image\":{\"@id\":\"https:\/\/kinderkultur.net\/shop\/product\/konzept-die-kleine-eule-huhuhu-als-pdf\/#primaryimage\"},\"thumbnailUrl\":\"https:\/\/kinderkultur.net\/shop\/wp-content\/uploads\/2021\/11\/Die-kleine-Eule-Huhuhu4.png\",\"datePublished\":\"2023-06-19T14:29:09+00:00\",\"dateModified\":\"2025-03-13T20:02:26+00:00\",\"breadcrumb\":{\"@id\":\"https:\/\/kinderkultur.net\/shop\/product\/konzept-die-kleine-eule-huhuhu-als-pdf\/#breadcrumb\"},\"inLanguage\":\"de\",\"potentialAction\":[{\"@type\":\"ReadAction\",\"target\":[\"https:\/\/kinderkultur.net\/shop\/product\/konzept-die-kleine-eule-huhuhu-als-pdf\/\"]}]},{\"@type\":\"ImageObject\",\"inLanguage\":\"de\",\"@id\":\"https:\/\/kinderkultur.net\/shop\/product\/konzept-die-kleine-eule-huhuhu-als-pdf\/#primaryimage\",\"url\":\"https:\/\/kinderkultur.net\/shop\/wp-content\/uploads\/2021\/11\/Die-kleine-Eule-Huhuhu4.png\",\"contentUrl\":\"https:\/\/kinderkultur.net\/shop\/wp-content\/uploads\/2021\/11\/Die-kleine-Eule-Huhuhu4.png\",\"width\":567,\"height\":567},{\"@type\":\"BreadcrumbList\",\"@id\":\"https:\/\/kinderkultur.net\/shop\/product\/konzept-die-kleine-eule-huhuhu-als-pdf\/#breadcrumb\",\"itemListElement\":[{\"@type\":\"ListItem\",\"position\":1,\"name\":\"Home\",\"item\":\"https:\/\/kinderkultur.net\/shop\/\"},{\"@type\":\"ListItem\",\"position\":2,\"name\":\"Konzept &#8222;Die kleine Eule Huhuhu&#8220; als PDF\"}]},{\"@type\":\"WebSite\",\"@id\":\"https:\/\/kinderkultur.net\/shop\/#website\",\"url\":\"https:\/\/kinderkultur.net\/shop\/\",\"name\":\"KIKU Shop\",\"description\":\"\",\"potentialAction\":[{\"@type\":\"SearchAction\",\"target\":{\"@type\":\"EntryPoint\",\"urlTemplate\":\"https:\/\/kinderkultur.net\/shop\/?s={search_term_string}\"},\"query-input\":{\"@type\":\"PropertyValueSpecification\",\"valueRequired\":true,\"valueName\":\"search_term_string\"}}],\"inLanguage\":\"de\"}]}<\/script>\n<!-- \/ Yoast SEO plugin. -->","yoast_head_json":{"title":"Konzept \"Die kleine Eule Huhuhu\" als PDF - KIKU Shop","robots":{"index":"index","follow":"follow","max-snippet":"max-snippet:-1","max-image-preview":"max-image-preview:large","max-video-preview":"max-video-preview:-1"},"canonical":"https:\/\/kinderkultur.net\/shop\/product\/konzept-die-kleine-eule-huhuhu-als-pdf\/","og_locale":"de_DE","og_type":"article","og_title":"Konzept \"Die kleine Eule Huhuhu\" als PDF - KIKU Shop","og_description":"Konzept steht nach dem Bezahlen als PDF Download bereit","og_url":"https:\/\/kinderkultur.net\/shop\/product\/konzept-die-kleine-eule-huhuhu-als-pdf\/","og_site_name":"KIKU Shop","article_modified_time":"2025-03-13T20:02:26+00:00","og_image":[{"width":567,"height":567,"url":"https:\/\/kinderkultur.net\/shop\/wp-content\/uploads\/2021\/11\/Die-kleine-Eule-Huhuhu4.png","type":"image\/png"}],"twitter_card":"summary_large_image","twitter_misc":{"Gesch\u00e4tzte Lesezeit":"2\u00a0Minuten"},"schema":{"@context":"https:\/\/schema.org","@graph":[{"@type":"WebPage","@id":"https:\/\/kinderkultur.net\/shop\/product\/konzept-die-kleine-eule-huhuhu-als-pdf\/","url":"https:\/\/kinderkultur.net\/shop\/product\/konzept-die-kleine-eule-huhuhu-als-pdf\/","name":"Konzept \"Die kleine Eule Huhuhu\" als PDF - KIKU Shop","isPartOf":{"@id":"https:\/\/kinderkultur.net\/shop\/#website"},"primaryImageOfPage":{"@id":"https:\/\/kinderkultur.net\/shop\/product\/konzept-die-kleine-eule-huhuhu-als-pdf\/#primaryimage"},"image":{"@id":"https:\/\/kinderkultur.net\/shop\/product\/konzept-die-kleine-eule-huhuhu-als-pdf\/#primaryimage"},"thumbnailUrl":"https:\/\/kinderkultur.net\/shop\/wp-content\/uploads\/2021\/11\/Die-kleine-Eule-Huhuhu4.png","datePublished":"2023-06-19T14:29:09+00:00","dateModified":"2025-03-13T20:02:26+00:00","breadcrumb":{"@id":"https:\/\/kinderkultur.net\/shop\/product\/konzept-die-kleine-eule-huhuhu-als-pdf\/#breadcrumb"},"inLanguage":"de","potentialAction":[{"@type":"ReadAction","target":["https:\/\/kinderkultur.net\/shop\/product\/konzept-die-kleine-eule-huhuhu-als-pdf\/"]}]},{"@type":"ImageObject","inLanguage":"de","@id":"https:\/\/kinderkultur.net\/shop\/product\/konzept-die-kleine-eule-huhuhu-als-pdf\/#primaryimage","url":"https:\/\/kinderkultur.net\/shop\/wp-content\/uploads\/2021\/11\/Die-kleine-Eule-Huhuhu4.png","contentUrl":"https:\/\/kinderkultur.net\/shop\/wp-content\/uploads\/2021\/11\/Die-kleine-Eule-Huhuhu4.png","width":567,"height":567},{"@type":"BreadcrumbList","@id":"https:\/\/kinderkultur.net\/shop\/product\/konzept-die-kleine-eule-huhuhu-als-pdf\/#breadcrumb","itemListElement":[{"@type":"ListItem","position":1,"name":"Home","item":"https:\/\/kinderkultur.net\/shop\/"},{"@type":"ListItem","position":2,"name":"Konzept &#8222;Die kleine Eule Huhuhu&#8220; als PDF"}]},{"@type":"WebSite","@id":"https:\/\/kinderkultur.net\/shop\/#website","url":"https:\/\/kinderkultur.net\/shop\/","name":"KIKU Shop","description":"","potentialAction":[{"@type":"SearchAction","target":{"@type":"EntryPoint","urlTemplate":"https:\/\/kinderkultur.net\/shop\/?s={search_term_string}"},"query-input":{"@type":"PropertyValueSpecification","valueRequired":true,"valueName":"search_term_string"}}],"inLanguage":"de"}]}},"jetpack_sharing_enabled":true,"_links":{"self":[{"href":"https:\/\/kinderkultur.net\/shop\/wp-json\/wp\/v2\/product\/264","targetHints":{"allow":["GET"]}}],"collection":[{"href":"https:\/\/kinderkultur.net\/shop\/wp-json\/wp\/v2\/product"}],"about":[{"href":"https:\/\/kinderkultur.net\/shop\/wp-json\/wp\/v2\/types\/product"}],"replies":[{"embeddable":true,"href":"https:\/\/kinderkultur.net\/shop\/wp-json\/wp\/v2\/comments?post=264"}],"wp:featuredmedia":[{"embeddable":true,"href":"https:\/\/kinderkultur.net\/shop\/wp-json\/wp\/v2\/media\/185"}],"wp:attachment":[{"href":"https:\/\/kinderkultur.net\/shop\/wp-json\/wp\/v2\/media?parent=264"}],"wp:term":[{"taxonomy":"product_brand","embeddable":true,"href":"https:\/\/kinderkultur.net\/shop\/wp-json\/wp\/v2\/product_brand?post=264"},{"taxonomy":"product_cat","embeddable":true,"href":"https:\/\/kinderkultur.net\/shop\/wp-json\/wp\/v2\/product_cat?post=264"},{"taxonomy":"product_tag","embeddable":true,"href":"https:\/\/kinderkultur.net\/shop\/wp-json\/wp\/v2\/product_tag?post=264"}],"curies":[{"name":"wp","href":"https:\/\/api.w.org\/{rel}","templated":true}]}}