
{"id":166,"date":"2023-05-15T15:53:12","date_gmt":"2023-05-15T15:53:12","guid":{"rendered":"https:\/\/www.kinderkultur.net\/shop\/?post_type=product&#038;p=166"},"modified":"2023-08-31T09:24:45","modified_gmt":"2023-08-31T09:24:45","slug":"wenn-die-quallen-tanzen-konzept-fuer-die-musikalische-frueherziehung","status":"publish","type":"product","link":"https:\/\/kinderkultur.net\/shop\/product\/wenn-die-quallen-tanzen-konzept-fuer-die-musikalische-frueherziehung\/","title":{"rendered":"Wenn die Quallen tanzen Konzept f\u00fcr die musikalische Fr\u00fcherziehung"},"content":{"rendered":"<p><strong>Konzept PDF als Download<\/strong> mit Inhalten f\u00fcr die musikalische Fr\u00fcherziehung<br \/>\nin der Kita oder Musikschule f\u00fcr 3,5 bis 6 j\u00e4hrige Kinder<br \/>\nPDF als Download<\/p>\n<p><strong>Konzept als Spiralringbuch<\/strong><br \/>\nGerne bieten wir Ihnen auch unsere Konzepte als gedruckte Versionen an.<br \/>\nHier haben wir uns f\u00fcr eine Spieralbundung entschieden, da dieses im h\u00e4ndling f\u00fcr den t\u00e4glichen Gebrauch am besten geeignet ist.<br \/>\nSie l\u00e4st sich um 360 \u00b0 umschlagen und ist daher sehr platzsparend<\/p>\n<p><strong>Das Lied<\/strong><br \/>\nWelches Kind m\u00f6chte sich nicht in eine glitzernde Qualle verwandeln? Mit dem Lied \u201eWenn die Quallen tanzen\u2026\u201c k\u00f6nnen die Kinder \u201etanzen\u201c wie eine Qualle im Meer. Zum Mitsingen, Tanzen und Bewegen.<\/p>\n<p><strong>H\u00f6rprobe<\/strong><\/p>\n<!--[if lt IE 9]><script>document.createElement('audio');<\/script><![endif]-->\n<audio class=\"wp-audio-shortcode\" id=\"audio-166-1\" preload=\"none\" style=\"width: 100%;\" controls=\"controls\"><source type=\"audio\/mpeg\" src=\"https:\/\/kinderkultur.net\/shop\/wp-content\/uploads\/2023\/07\/QuallenDemo.mp3?_=1\" \/><a href=\"https:\/\/kinderkultur.net\/shop\/wp-content\/uploads\/2023\/07\/QuallenDemo.mp3\">https:\/\/kinderkultur.net\/shop\/wp-content\/uploads\/2023\/07\/QuallenDemo.mp3<\/a><\/audio>\n<p>&nbsp;<\/p>\n<p><strong>Beschreibung<\/strong><br \/>\nUnter dem Meer\u2026 da leben viele interessante Lebewesen. Die Quallen erscheinen besonders elegant. Das eigens hierf\u00fcr komponierte Lied \u201eWenn die Quallen tanzen&#8230;&#8220; l\u00e4dt zum Mitsingen und Mittanzen ein. Mit den Quallen tanzen und musizieren und dabei ganz viel Bewegung, Malen und Instrumente basteln erleben, das macht einfach Spa\u00df!<br \/>\nMit dieser Themenmappe f\u00fcr die musikalische Fr\u00fcherziehung braucht man keine lange Vorbereitungszeit mehr, man kann sofort loslegen. Mit Mal- und Bastelvorlagen zum Kopieren,<br \/>\nIdeen und Spielbeschreibungen zum Musizieren, Singen, Tanzen, Spielen.<br \/>\nEine Kombination aus vielen Bildungsinhalten: Musik, Instrumentenspiel, Singen, Tanz, Bewegung, Rhythmik, Gestalten, Feinmotorik, Instrument basteln &#8211; alles aus einem Guss und zu einem Thema.<br \/>\nViele Ideen auch f\u00fcr den Morgenkreis oder kleine Auff\u00fchrungen.<\/p>\n<hr \/>\n","protected":false},"excerpt":{"rendered":"<p>Produkte stehen nach dem Bezahlen als PDF\/MP3 Download bereit.<br \/>\nBei Buchauswahl erfolgt der Versand mit der POST.<\/p>\n","protected":false},"featured_media":138,"comment_status":"closed","ping_status":"closed","template":"","meta":[],"product_brand":[],"product_cat":[18],"product_tag":[],"class_list":{"0":"post-166","1":"product","2":"type-product","3":"status-publish","4":"has-post-thumbnail","6":"product_cat-musikkonzepte","7":"with-featured-image","9":"first","10":"instock","11":"product-type-grouped"},"yoast_head":"<!-- This site is optimized with the Yoast SEO plugin v26.8 - https:\/\/yoast.com\/product\/yoast-seo-wordpress\/ -->\n<title>Wenn die Quallen tanzen Konzept f\u00fcr die musikalische Fr\u00fcherziehung - KIKU Shop<\/title>\n<meta name=\"robots\" content=\"index, follow, max-snippet:-1, max-image-preview:large, max-video-preview:-1\" \/>\n<link rel=\"canonical\" href=\"https:\/\/kinderkultur.net\/shop\/product\/wenn-die-quallen-tanzen-konzept-fuer-die-musikalische-frueherziehung\/\" \/>\n<meta property=\"og:locale\" content=\"de_DE\" \/>\n<meta property=\"og:type\" content=\"article\" \/>\n<meta property=\"og:title\" content=\"Wenn die Quallen tanzen Konzept f\u00fcr die musikalische Fr\u00fcherziehung - KIKU Shop\" \/>\n<meta property=\"og:description\" content=\"Produkte stehen nach dem Bezahlen als PDF\/MP3 Download bereit. Bei Buchauswahl erfolgt der Versand mit der POST.\" \/>\n<meta property=\"og:url\" content=\"https:\/\/kinderkultur.net\/shop\/product\/wenn-die-quallen-tanzen-konzept-fuer-die-musikalische-frueherziehung\/\" \/>\n<meta property=\"og:site_name\" content=\"KIKU Shop\" \/>\n<meta property=\"article:modified_time\" content=\"2023-08-31T09:24:45+00:00\" \/>\n<meta property=\"og:image\" content=\"https:\/\/kinderkultur.net\/shop\/wp-content\/uploads\/2021\/06\/Wenn_die_Quallen_S1.png\" \/>\n\t<meta property=\"og:image:width\" content=\"567\" \/>\n\t<meta property=\"og:image:height\" content=\"567\" \/>\n\t<meta property=\"og:image:type\" content=\"image\/png\" \/>\n<meta name=\"twitter:card\" content=\"summary_large_image\" \/>\n<meta name=\"twitter:label1\" content=\"Gesch\u00e4tzte Lesezeit\" \/>\n\t<meta name=\"twitter:data1\" content=\"2\u00a0Minuten\" \/>\n<script type=\"application\/ld+json\" class=\"yoast-schema-graph\">{\"@context\":\"https:\/\/schema.org\",\"@graph\":[{\"@type\":\"WebPage\",\"@id\":\"https:\/\/kinderkultur.net\/shop\/product\/wenn-die-quallen-tanzen-konzept-fuer-die-musikalische-frueherziehung\/\",\"url\":\"https:\/\/kinderkultur.net\/shop\/product\/wenn-die-quallen-tanzen-konzept-fuer-die-musikalische-frueherziehung\/\",\"name\":\"Wenn die Quallen tanzen Konzept f\u00fcr die musikalische Fr\u00fcherziehung - KIKU Shop\",\"isPartOf\":{\"@id\":\"https:\/\/kinderkultur.net\/shop\/#website\"},\"primaryImageOfPage\":{\"@id\":\"https:\/\/kinderkultur.net\/shop\/product\/wenn-die-quallen-tanzen-konzept-fuer-die-musikalische-frueherziehung\/#primaryimage\"},\"image\":{\"@id\":\"https:\/\/kinderkultur.net\/shop\/product\/wenn-die-quallen-tanzen-konzept-fuer-die-musikalische-frueherziehung\/#primaryimage\"},\"thumbnailUrl\":\"https:\/\/kinderkultur.net\/shop\/wp-content\/uploads\/2021\/06\/Wenn_die_Quallen_S1.png\",\"datePublished\":\"2023-05-15T15:53:12+00:00\",\"dateModified\":\"2023-08-31T09:24:45+00:00\",\"breadcrumb\":{\"@id\":\"https:\/\/kinderkultur.net\/shop\/product\/wenn-die-quallen-tanzen-konzept-fuer-die-musikalische-frueherziehung\/#breadcrumb\"},\"inLanguage\":\"de\",\"potentialAction\":[{\"@type\":\"ReadAction\",\"target\":[\"https:\/\/kinderkultur.net\/shop\/product\/wenn-die-quallen-tanzen-konzept-fuer-die-musikalische-frueherziehung\/\"]}]},{\"@type\":\"ImageObject\",\"inLanguage\":\"de\",\"@id\":\"https:\/\/kinderkultur.net\/shop\/product\/wenn-die-quallen-tanzen-konzept-fuer-die-musikalische-frueherziehung\/#primaryimage\",\"url\":\"https:\/\/kinderkultur.net\/shop\/wp-content\/uploads\/2021\/06\/Wenn_die_Quallen_S1.png\",\"contentUrl\":\"https:\/\/kinderkultur.net\/shop\/wp-content\/uploads\/2021\/06\/Wenn_die_Quallen_S1.png\",\"width\":567,\"height\":567},{\"@type\":\"BreadcrumbList\",\"@id\":\"https:\/\/kinderkultur.net\/shop\/product\/wenn-die-quallen-tanzen-konzept-fuer-die-musikalische-frueherziehung\/#breadcrumb\",\"itemListElement\":[{\"@type\":\"ListItem\",\"position\":1,\"name\":\"Home\",\"item\":\"https:\/\/kinderkultur.net\/shop\/\"},{\"@type\":\"ListItem\",\"position\":2,\"name\":\"Wenn die Quallen tanzen Konzept f\u00fcr die musikalische Fr\u00fcherziehung\"}]},{\"@type\":\"WebSite\",\"@id\":\"https:\/\/kinderkultur.net\/shop\/#website\",\"url\":\"https:\/\/kinderkultur.net\/shop\/\",\"name\":\"KIKU Shop\",\"description\":\"\",\"potentialAction\":[{\"@type\":\"SearchAction\",\"target\":{\"@type\":\"EntryPoint\",\"urlTemplate\":\"https:\/\/kinderkultur.net\/shop\/?s={search_term_string}\"},\"query-input\":{\"@type\":\"PropertyValueSpecification\",\"valueRequired\":true,\"valueName\":\"search_term_string\"}}],\"inLanguage\":\"de\"}]}<\/script>\n<!-- \/ Yoast SEO plugin. -->","yoast_head_json":{"title":"Wenn die Quallen tanzen Konzept f\u00fcr die musikalische Fr\u00fcherziehung - KIKU Shop","robots":{"index":"index","follow":"follow","max-snippet":"max-snippet:-1","max-image-preview":"max-image-preview:large","max-video-preview":"max-video-preview:-1"},"canonical":"https:\/\/kinderkultur.net\/shop\/product\/wenn-die-quallen-tanzen-konzept-fuer-die-musikalische-frueherziehung\/","og_locale":"de_DE","og_type":"article","og_title":"Wenn die Quallen tanzen Konzept f\u00fcr die musikalische Fr\u00fcherziehung - KIKU Shop","og_description":"Produkte stehen nach dem Bezahlen als PDF\/MP3 Download bereit. Bei Buchauswahl erfolgt der Versand mit der POST.","og_url":"https:\/\/kinderkultur.net\/shop\/product\/wenn-die-quallen-tanzen-konzept-fuer-die-musikalische-frueherziehung\/","og_site_name":"KIKU Shop","article_modified_time":"2023-08-31T09:24:45+00:00","og_image":[{"width":567,"height":567,"url":"https:\/\/kinderkultur.net\/shop\/wp-content\/uploads\/2021\/06\/Wenn_die_Quallen_S1.png","type":"image\/png"}],"twitter_card":"summary_large_image","twitter_misc":{"Gesch\u00e4tzte Lesezeit":"2\u00a0Minuten"},"schema":{"@context":"https:\/\/schema.org","@graph":[{"@type":"WebPage","@id":"https:\/\/kinderkultur.net\/shop\/product\/wenn-die-quallen-tanzen-konzept-fuer-die-musikalische-frueherziehung\/","url":"https:\/\/kinderkultur.net\/shop\/product\/wenn-die-quallen-tanzen-konzept-fuer-die-musikalische-frueherziehung\/","name":"Wenn die Quallen tanzen Konzept f\u00fcr die musikalische Fr\u00fcherziehung - KIKU Shop","isPartOf":{"@id":"https:\/\/kinderkultur.net\/shop\/#website"},"primaryImageOfPage":{"@id":"https:\/\/kinderkultur.net\/shop\/product\/wenn-die-quallen-tanzen-konzept-fuer-die-musikalische-frueherziehung\/#primaryimage"},"image":{"@id":"https:\/\/kinderkultur.net\/shop\/product\/wenn-die-quallen-tanzen-konzept-fuer-die-musikalische-frueherziehung\/#primaryimage"},"thumbnailUrl":"https:\/\/kinderkultur.net\/shop\/wp-content\/uploads\/2021\/06\/Wenn_die_Quallen_S1.png","datePublished":"2023-05-15T15:53:12+00:00","dateModified":"2023-08-31T09:24:45+00:00","breadcrumb":{"@id":"https:\/\/kinderkultur.net\/shop\/product\/wenn-die-quallen-tanzen-konzept-fuer-die-musikalische-frueherziehung\/#breadcrumb"},"inLanguage":"de","potentialAction":[{"@type":"ReadAction","target":["https:\/\/kinderkultur.net\/shop\/product\/wenn-die-quallen-tanzen-konzept-fuer-die-musikalische-frueherziehung\/"]}]},{"@type":"ImageObject","inLanguage":"de","@id":"https:\/\/kinderkultur.net\/shop\/product\/wenn-die-quallen-tanzen-konzept-fuer-die-musikalische-frueherziehung\/#primaryimage","url":"https:\/\/kinderkultur.net\/shop\/wp-content\/uploads\/2021\/06\/Wenn_die_Quallen_S1.png","contentUrl":"https:\/\/kinderkultur.net\/shop\/wp-content\/uploads\/2021\/06\/Wenn_die_Quallen_S1.png","width":567,"height":567},{"@type":"BreadcrumbList","@id":"https:\/\/kinderkultur.net\/shop\/product\/wenn-die-quallen-tanzen-konzept-fuer-die-musikalische-frueherziehung\/#breadcrumb","itemListElement":[{"@type":"ListItem","position":1,"name":"Home","item":"https:\/\/kinderkultur.net\/shop\/"},{"@type":"ListItem","position":2,"name":"Wenn die Quallen tanzen Konzept f\u00fcr die musikalische Fr\u00fcherziehung"}]},{"@type":"WebSite","@id":"https:\/\/kinderkultur.net\/shop\/#website","url":"https:\/\/kinderkultur.net\/shop\/","name":"KIKU Shop","description":"","potentialAction":[{"@type":"SearchAction","target":{"@type":"EntryPoint","urlTemplate":"https:\/\/kinderkultur.net\/shop\/?s={search_term_string}"},"query-input":{"@type":"PropertyValueSpecification","valueRequired":true,"valueName":"search_term_string"}}],"inLanguage":"de"}]}},"jetpack_sharing_enabled":true,"_links":{"self":[{"href":"https:\/\/kinderkultur.net\/shop\/wp-json\/wp\/v2\/product\/166","targetHints":{"allow":["GET"]}}],"collection":[{"href":"https:\/\/kinderkultur.net\/shop\/wp-json\/wp\/v2\/product"}],"about":[{"href":"https:\/\/kinderkultur.net\/shop\/wp-json\/wp\/v2\/types\/product"}],"replies":[{"embeddable":true,"href":"https:\/\/kinderkultur.net\/shop\/wp-json\/wp\/v2\/comments?post=166"}],"wp:featuredmedia":[{"embeddable":true,"href":"https:\/\/kinderkultur.net\/shop\/wp-json\/wp\/v2\/media\/138"}],"wp:attachment":[{"href":"https:\/\/kinderkultur.net\/shop\/wp-json\/wp\/v2\/media?parent=166"}],"wp:term":[{"taxonomy":"product_brand","embeddable":true,"href":"https:\/\/kinderkultur.net\/shop\/wp-json\/wp\/v2\/product_brand?post=166"},{"taxonomy":"product_cat","embeddable":true,"href":"https:\/\/kinderkultur.net\/shop\/wp-json\/wp\/v2\/product_cat?post=166"},{"taxonomy":"product_tag","embeddable":true,"href":"https:\/\/kinderkultur.net\/shop\/wp-json\/wp\/v2\/product_tag?post=166"}],"curies":[{"name":"wp","href":"https:\/\/api.w.org\/{rel}","templated":true}]}}