
{"id":163,"date":"2023-07-21T12:20:08","date_gmt":"2023-07-21T12:20:08","guid":{"rendered":"https:\/\/www.kinderkultur.net\/shop\/?post_type=product&#038;p=163"},"modified":"2023-08-31T09:22:46","modified_gmt":"2023-08-31T09:22:46","slug":"susie-die-schlange-konzept-fuer-die-musikalische-frueherziehung","status":"publish","type":"product","link":"https:\/\/kinderkultur.net\/shop\/product\/susie-die-schlange-konzept-fuer-die-musikalische-frueherziehung\/","title":{"rendered":"Susie, die Schlange Konzept f\u00fcr die musikalische Fr\u00fcherziehung"},"content":{"rendered":"<p><strong>Konzept als\u00a0PDF Download<\/strong> mit Inhalten f\u00fcr die musikalische Fr\u00fcherziehung<br \/>\nin der Kita oder Musikschule f\u00fcr 3,5 bis 6 j\u00e4hrige Kinder<\/p>\n<p><strong>Konzept als Spiralringbuch<\/strong><br \/>\nGerne bieten wir Ihnen unser Konzept zus\u00e4tzlich als gedruckte Versionen an.<br \/>\nHier haben wir uns f\u00fcr eine Spiralbundung entschieden, da sie sich um 180\u00b0 umschlagen l\u00e4st, platzsparend ist und im Handling f\u00fcr den t\u00e4glichen Gebrauch am besten geeignet ist.<\/p>\n<p><strong>Das Lied<\/strong><br \/>\nSusie, die Schlange ist eine Klapperschlange und klappert f\u00fcr ihr Leben gern. Mit Klangh\u00f6lzern und Kastagnetten k\u00f6nnen die Kinder mitmachen und \u201eklappern\u201c, alleine, zusammen, langsam, schnell, laut und leise.<\/p>\n<p><strong>H\u00f6rprobe<\/strong><\/p>\n<!--[if lt IE 9]><script>document.createElement('audio');<\/script><![endif]-->\n<audio class=\"wp-audio-shortcode\" id=\"audio-163-1\" preload=\"none\" style=\"width: 100%;\" controls=\"controls\"><source type=\"audio\/mpeg\" src=\"https:\/\/kinderkultur.net\/shop\/wp-content\/uploads\/2023\/07\/Susie_Demo.mp3?_=1\" \/><a href=\"https:\/\/kinderkultur.net\/shop\/wp-content\/uploads\/2023\/07\/Susie_Demo.mp3\">https:\/\/kinderkultur.net\/shop\/wp-content\/uploads\/2023\/07\/Susie_Demo.mp3<\/a><\/audio>\n<p><strong>Beschreibung<\/strong><br \/>\nSusie, die Klapperschlange liebt es zu klappern. Die Kinder klappern mit ihr, alleine, zusammen,<br \/>\nlaut und leise, langsam und schnell.<br \/>\nDas eigens f\u00fcr dieses Konzept komponierte Lied gibt die Parameter schon vor und kann sehr gut mit Klangh\u00f6lzern und Kastanetten begleitet werden.<br \/>\nMit dieser Themenmappe f\u00fcr die musikalische Fr\u00fcherziehung braucht man keine lange Vorbereitungszeit mehr, man kann sofort loslegen. Mit Mal- und Bastelvorlagen zum Kopieren,<br \/>\nIdeen und Spielbeschreibungen zum Musizieren, Singen, Tanzen, Spielen.<br \/>\nEine Kombination aus vielen Bildungsinhalten: Musik, Singen, Rhythmik, Instrumentenspiel,<br \/>\nMalen und Instrument basteln, Feinmotorik, &#8211; alles aus einem Guss und zu einem Thema.<br \/>\nViele Ideen auch f\u00fcr den Morgenkreis oder kleine Auff\u00fchrungen.<\/p>\n<hr \/>\n","protected":false},"excerpt":{"rendered":"<p>Produkte stehen nach dem Bezahlen als PDF\/MP3 Download bereit.<br \/>\nBei Buchauswahl erfolgt der Versand mit der POST.<\/p>\n","protected":false},"featured_media":134,"comment_status":"closed","ping_status":"closed","template":"","meta":[],"product_brand":[],"product_cat":[18],"product_tag":[],"class_list":{"0":"post-163","1":"product","2":"type-product","3":"status-publish","4":"has-post-thumbnail","6":"product_cat-musikkonzepte","7":"with-featured-image","9":"first","10":"instock","11":"product-type-grouped"},"yoast_head":"<!-- This site is optimized with the Yoast SEO plugin v26.8 - https:\/\/yoast.com\/product\/yoast-seo-wordpress\/ -->\n<title>Susie, die Schlange Konzept f\u00fcr die musikalische Fr\u00fcherziehung - KIKU Shop<\/title>\n<meta name=\"robots\" content=\"index, follow, max-snippet:-1, max-image-preview:large, max-video-preview:-1\" \/>\n<link rel=\"canonical\" href=\"https:\/\/kinderkultur.net\/shop\/product\/susie-die-schlange-konzept-fuer-die-musikalische-frueherziehung\/\" \/>\n<meta property=\"og:locale\" content=\"de_DE\" \/>\n<meta property=\"og:type\" content=\"article\" \/>\n<meta property=\"og:title\" content=\"Susie, die Schlange Konzept f\u00fcr die musikalische Fr\u00fcherziehung - KIKU Shop\" \/>\n<meta property=\"og:description\" content=\"Produkte stehen nach dem Bezahlen als PDF\/MP3 Download bereit. Bei Buchauswahl erfolgt der Versand mit der POST.\" \/>\n<meta property=\"og:url\" content=\"https:\/\/kinderkultur.net\/shop\/product\/susie-die-schlange-konzept-fuer-die-musikalische-frueherziehung\/\" \/>\n<meta property=\"og:site_name\" content=\"KIKU Shop\" \/>\n<meta property=\"article:modified_time\" content=\"2023-08-31T09:22:46+00:00\" \/>\n<meta property=\"og:image\" content=\"https:\/\/kinderkultur.net\/shop\/wp-content\/uploads\/2021\/06\/Susi_die_Schlange_S1.png\" \/>\n\t<meta property=\"og:image:width\" content=\"567\" \/>\n\t<meta property=\"og:image:height\" content=\"567\" \/>\n\t<meta property=\"og:image:type\" content=\"image\/png\" \/>\n<meta name=\"twitter:card\" content=\"summary_large_image\" \/>\n<meta name=\"twitter:label1\" content=\"Gesch\u00e4tzte Lesezeit\" \/>\n\t<meta name=\"twitter:data1\" content=\"2\u00a0Minuten\" \/>\n<script type=\"application\/ld+json\" class=\"yoast-schema-graph\">{\"@context\":\"https:\/\/schema.org\",\"@graph\":[{\"@type\":\"WebPage\",\"@id\":\"https:\/\/kinderkultur.net\/shop\/product\/susie-die-schlange-konzept-fuer-die-musikalische-frueherziehung\/\",\"url\":\"https:\/\/kinderkultur.net\/shop\/product\/susie-die-schlange-konzept-fuer-die-musikalische-frueherziehung\/\",\"name\":\"Susie, die Schlange Konzept f\u00fcr die musikalische Fr\u00fcherziehung - KIKU Shop\",\"isPartOf\":{\"@id\":\"https:\/\/kinderkultur.net\/shop\/#website\"},\"primaryImageOfPage\":{\"@id\":\"https:\/\/kinderkultur.net\/shop\/product\/susie-die-schlange-konzept-fuer-die-musikalische-frueherziehung\/#primaryimage\"},\"image\":{\"@id\":\"https:\/\/kinderkultur.net\/shop\/product\/susie-die-schlange-konzept-fuer-die-musikalische-frueherziehung\/#primaryimage\"},\"thumbnailUrl\":\"https:\/\/kinderkultur.net\/shop\/wp-content\/uploads\/2021\/06\/Susi_die_Schlange_S1.png\",\"datePublished\":\"2023-07-21T12:20:08+00:00\",\"dateModified\":\"2023-08-31T09:22:46+00:00\",\"breadcrumb\":{\"@id\":\"https:\/\/kinderkultur.net\/shop\/product\/susie-die-schlange-konzept-fuer-die-musikalische-frueherziehung\/#breadcrumb\"},\"inLanguage\":\"de\",\"potentialAction\":[{\"@type\":\"ReadAction\",\"target\":[\"https:\/\/kinderkultur.net\/shop\/product\/susie-die-schlange-konzept-fuer-die-musikalische-frueherziehung\/\"]}]},{\"@type\":\"ImageObject\",\"inLanguage\":\"de\",\"@id\":\"https:\/\/kinderkultur.net\/shop\/product\/susie-die-schlange-konzept-fuer-die-musikalische-frueherziehung\/#primaryimage\",\"url\":\"https:\/\/kinderkultur.net\/shop\/wp-content\/uploads\/2021\/06\/Susi_die_Schlange_S1.png\",\"contentUrl\":\"https:\/\/kinderkultur.net\/shop\/wp-content\/uploads\/2021\/06\/Susi_die_Schlange_S1.png\",\"width\":567,\"height\":567},{\"@type\":\"BreadcrumbList\",\"@id\":\"https:\/\/kinderkultur.net\/shop\/product\/susie-die-schlange-konzept-fuer-die-musikalische-frueherziehung\/#breadcrumb\",\"itemListElement\":[{\"@type\":\"ListItem\",\"position\":1,\"name\":\"Home\",\"item\":\"https:\/\/kinderkultur.net\/shop\/\"},{\"@type\":\"ListItem\",\"position\":2,\"name\":\"Susie, die Schlange Konzept f\u00fcr die musikalische Fr\u00fcherziehung\"}]},{\"@type\":\"WebSite\",\"@id\":\"https:\/\/kinderkultur.net\/shop\/#website\",\"url\":\"https:\/\/kinderkultur.net\/shop\/\",\"name\":\"KIKU Shop\",\"description\":\"\",\"potentialAction\":[{\"@type\":\"SearchAction\",\"target\":{\"@type\":\"EntryPoint\",\"urlTemplate\":\"https:\/\/kinderkultur.net\/shop\/?s={search_term_string}\"},\"query-input\":{\"@type\":\"PropertyValueSpecification\",\"valueRequired\":true,\"valueName\":\"search_term_string\"}}],\"inLanguage\":\"de\"}]}<\/script>\n<!-- \/ Yoast SEO plugin. -->","yoast_head_json":{"title":"Susie, die Schlange Konzept f\u00fcr die musikalische Fr\u00fcherziehung - KIKU Shop","robots":{"index":"index","follow":"follow","max-snippet":"max-snippet:-1","max-image-preview":"max-image-preview:large","max-video-preview":"max-video-preview:-1"},"canonical":"https:\/\/kinderkultur.net\/shop\/product\/susie-die-schlange-konzept-fuer-die-musikalische-frueherziehung\/","og_locale":"de_DE","og_type":"article","og_title":"Susie, die Schlange Konzept f\u00fcr die musikalische Fr\u00fcherziehung - KIKU Shop","og_description":"Produkte stehen nach dem Bezahlen als PDF\/MP3 Download bereit. Bei Buchauswahl erfolgt der Versand mit der POST.","og_url":"https:\/\/kinderkultur.net\/shop\/product\/susie-die-schlange-konzept-fuer-die-musikalische-frueherziehung\/","og_site_name":"KIKU Shop","article_modified_time":"2023-08-31T09:22:46+00:00","og_image":[{"width":567,"height":567,"url":"https:\/\/kinderkultur.net\/shop\/wp-content\/uploads\/2021\/06\/Susi_die_Schlange_S1.png","type":"image\/png"}],"twitter_card":"summary_large_image","twitter_misc":{"Gesch\u00e4tzte Lesezeit":"2\u00a0Minuten"},"schema":{"@context":"https:\/\/schema.org","@graph":[{"@type":"WebPage","@id":"https:\/\/kinderkultur.net\/shop\/product\/susie-die-schlange-konzept-fuer-die-musikalische-frueherziehung\/","url":"https:\/\/kinderkultur.net\/shop\/product\/susie-die-schlange-konzept-fuer-die-musikalische-frueherziehung\/","name":"Susie, die Schlange Konzept f\u00fcr die musikalische Fr\u00fcherziehung - KIKU Shop","isPartOf":{"@id":"https:\/\/kinderkultur.net\/shop\/#website"},"primaryImageOfPage":{"@id":"https:\/\/kinderkultur.net\/shop\/product\/susie-die-schlange-konzept-fuer-die-musikalische-frueherziehung\/#primaryimage"},"image":{"@id":"https:\/\/kinderkultur.net\/shop\/product\/susie-die-schlange-konzept-fuer-die-musikalische-frueherziehung\/#primaryimage"},"thumbnailUrl":"https:\/\/kinderkultur.net\/shop\/wp-content\/uploads\/2021\/06\/Susi_die_Schlange_S1.png","datePublished":"2023-07-21T12:20:08+00:00","dateModified":"2023-08-31T09:22:46+00:00","breadcrumb":{"@id":"https:\/\/kinderkultur.net\/shop\/product\/susie-die-schlange-konzept-fuer-die-musikalische-frueherziehung\/#breadcrumb"},"inLanguage":"de","potentialAction":[{"@type":"ReadAction","target":["https:\/\/kinderkultur.net\/shop\/product\/susie-die-schlange-konzept-fuer-die-musikalische-frueherziehung\/"]}]},{"@type":"ImageObject","inLanguage":"de","@id":"https:\/\/kinderkultur.net\/shop\/product\/susie-die-schlange-konzept-fuer-die-musikalische-frueherziehung\/#primaryimage","url":"https:\/\/kinderkultur.net\/shop\/wp-content\/uploads\/2021\/06\/Susi_die_Schlange_S1.png","contentUrl":"https:\/\/kinderkultur.net\/shop\/wp-content\/uploads\/2021\/06\/Susi_die_Schlange_S1.png","width":567,"height":567},{"@type":"BreadcrumbList","@id":"https:\/\/kinderkultur.net\/shop\/product\/susie-die-schlange-konzept-fuer-die-musikalische-frueherziehung\/#breadcrumb","itemListElement":[{"@type":"ListItem","position":1,"name":"Home","item":"https:\/\/kinderkultur.net\/shop\/"},{"@type":"ListItem","position":2,"name":"Susie, die Schlange Konzept f\u00fcr die musikalische Fr\u00fcherziehung"}]},{"@type":"WebSite","@id":"https:\/\/kinderkultur.net\/shop\/#website","url":"https:\/\/kinderkultur.net\/shop\/","name":"KIKU Shop","description":"","potentialAction":[{"@type":"SearchAction","target":{"@type":"EntryPoint","urlTemplate":"https:\/\/kinderkultur.net\/shop\/?s={search_term_string}"},"query-input":{"@type":"PropertyValueSpecification","valueRequired":true,"valueName":"search_term_string"}}],"inLanguage":"de"}]}},"jetpack_sharing_enabled":true,"_links":{"self":[{"href":"https:\/\/kinderkultur.net\/shop\/wp-json\/wp\/v2\/product\/163","targetHints":{"allow":["GET"]}}],"collection":[{"href":"https:\/\/kinderkultur.net\/shop\/wp-json\/wp\/v2\/product"}],"about":[{"href":"https:\/\/kinderkultur.net\/shop\/wp-json\/wp\/v2\/types\/product"}],"replies":[{"embeddable":true,"href":"https:\/\/kinderkultur.net\/shop\/wp-json\/wp\/v2\/comments?post=163"}],"wp:featuredmedia":[{"embeddable":true,"href":"https:\/\/kinderkultur.net\/shop\/wp-json\/wp\/v2\/media\/134"}],"wp:attachment":[{"href":"https:\/\/kinderkultur.net\/shop\/wp-json\/wp\/v2\/media?parent=163"}],"wp:term":[{"taxonomy":"product_brand","embeddable":true,"href":"https:\/\/kinderkultur.net\/shop\/wp-json\/wp\/v2\/product_brand?post=163"},{"taxonomy":"product_cat","embeddable":true,"href":"https:\/\/kinderkultur.net\/shop\/wp-json\/wp\/v2\/product_cat?post=163"},{"taxonomy":"product_tag","embeddable":true,"href":"https:\/\/kinderkultur.net\/shop\/wp-json\/wp\/v2\/product_tag?post=163"}],"curies":[{"name":"wp","href":"https:\/\/api.w.org\/{rel}","templated":true}]}}