
{"id":161,"date":"2023-08-21T20:17:04","date_gmt":"2023-08-21T20:17:04","guid":{"rendered":"https:\/\/www.kinderkultur.net\/shop\/?post_type=product&#038;p=161"},"modified":"2025-01-06T19:56:33","modified_gmt":"2025-01-06T19:56:33","slug":"alles-ist-musik-konzept-fuer-die-musikalische-frueherziehung","status":"publish","type":"product","link":"https:\/\/kinderkultur.net\/shop\/product\/alles-ist-musik-konzept-fuer-die-musikalische-frueherziehung\/","title":{"rendered":"Alles ist Musik Konzept f\u00fcr die musikalische Fr\u00fcherziehung"},"content":{"rendered":"<p><strong>Konzept als\u00a0PDF Download<\/strong> mit Inhalten f\u00fcr die musikalische Fr\u00fcherziehung<br \/>\nin der Kita oder Musikschule f\u00fcr 3,5 bis 6 j\u00e4hrige Kinder<\/p>\n<p><strong>Konzept als Spiralringbuch<\/strong><br \/>\nGerne bieten wir Ihnen unser Konzept als gedruckte Versionen an.<br \/>\nHier haben wir uns f\u00fcr eine Spiralbindung entschieden, da sie sich um 180 \u00b0 umschlagen l\u00e4sst, platzsparend ist und im Handling f\u00fcr den t\u00e4glichen Gebrauch am besten geeignet ist.<\/p>\n<p><strong>Das Lied<\/strong> \u201eAlles ist Musik\u201c ist eine Hymne auf die Musik und zeigt uns, was wir alles entdecken, wenn wir mit offenen Ohren durch die Welt gehen. \u00dcberall brummt, summt, ratscht und platscht es.\u00a0 Ein Lied zum Singen und Mitmachen<\/p>\n<p><strong>H\u00f6rprobe<br \/>\n<\/strong><\/p>\n<!--[if lt IE 9]><script>document.createElement('audio');<\/script><![endif]-->\n<audio class=\"wp-audio-shortcode\" id=\"audio-161-1\" preload=\"none\" style=\"width: 100%;\" controls=\"controls\"><source type=\"audio\/mpeg\" src=\"https:\/\/kinderkultur.net\/shop\/wp-content\/uploads\/2023\/07\/alles_ist_Musik_Demo.mp3?_=1\" \/><a href=\"https:\/\/kinderkultur.net\/shop\/wp-content\/uploads\/2023\/07\/alles_ist_Musik_Demo.mp3\">https:\/\/kinderkultur.net\/shop\/wp-content\/uploads\/2023\/07\/alles_ist_Musik_Demo.mp3<\/a><\/audio>\n<p><strong><br \/>\nBeschreibung<br \/>\n<\/strong>\u00dcberall sind Ger\u00e4usche und T\u00f6ne, wir m\u00fcssen sie nur h\u00f6ren. Denn dann k\u00f6nnen sie die Basis<br \/>\nf\u00fcr unsere eigenen Musikideen sein. Um Musik machen zu k\u00f6nnen, muss man erst einmal die eigene Wahrnehmung sensibilisieren. Das gilt f\u00fcr Kinder wie f\u00fcr Erwachsene.<br \/>\nMit dem eigens f\u00fcr dieses Konzept komponiertem Lied \u201eAlles ist Musik\u201c k\u00f6nnen die Kinder selbst zu Ger\u00e4uschmacher:Innen werden: Brummen wie ein Auto, summen wie eine Biene, das Radio macht bla bla bla.. und alles ist Musik!<br \/>\nMit dieser Themenmappe f\u00fcr die musikalische Fr\u00fcherziehung braucht man keine lange Vorbereitungszeit mehr, man kann sofort loslegen. Mit Mal- und Bastelvorlagen zum Kopieren,<br \/>\nIdeen und Spielbeschreibungen zum Musizieren, Singen, Tanzen, Spielen.<br \/>\nEine Kombination aus vielen Bildungsinhalten: Musik, Singen, Wahrnehmungsschulung,<br \/>\nKomposition, Gestalten, &#8211; alles aus einem Guss und zu einem Thema.<br \/>\nViele Ideen auch f\u00fcr den Morgenkreis oder kleine Auff\u00fchrungen.<\/p>\n<hr \/>\n","protected":false},"excerpt":{"rendered":"<p>Produkte stehen nach dem Bezahlen als PDF\/MP3 Download bereit.<br \/>\nBei Buchauswahl erfolgt der Versand mit der POST.<\/p>\n","protected":false},"featured_media":130,"comment_status":"closed","ping_status":"closed","template":"","meta":[],"product_brand":[],"product_cat":[18],"product_tag":[],"class_list":{"0":"post-161","1":"product","2":"type-product","3":"status-publish","4":"has-post-thumbnail","6":"product_cat-musikkonzepte","7":"with-featured-image","9":"first","10":"instock","11":"product-type-grouped"},"yoast_head":"<!-- This site is optimized with the Yoast SEO plugin v26.8 - https:\/\/yoast.com\/product\/yoast-seo-wordpress\/ -->\n<title>Alles ist Musik Konzept f\u00fcr die musikalische Fr\u00fcherziehung - KIKU Shop<\/title>\n<meta name=\"robots\" content=\"index, follow, max-snippet:-1, max-image-preview:large, max-video-preview:-1\" \/>\n<link rel=\"canonical\" href=\"https:\/\/kinderkultur.net\/shop\/product\/alles-ist-musik-konzept-fuer-die-musikalische-frueherziehung\/\" \/>\n<meta property=\"og:locale\" content=\"de_DE\" \/>\n<meta property=\"og:type\" content=\"article\" \/>\n<meta property=\"og:title\" content=\"Alles ist Musik Konzept f\u00fcr die musikalische Fr\u00fcherziehung - KIKU Shop\" \/>\n<meta property=\"og:description\" content=\"Produkte stehen nach dem Bezahlen als PDF\/MP3 Download bereit. Bei Buchauswahl erfolgt der Versand mit der POST.\" \/>\n<meta property=\"og:url\" content=\"https:\/\/kinderkultur.net\/shop\/product\/alles-ist-musik-konzept-fuer-die-musikalische-frueherziehung\/\" \/>\n<meta property=\"og:site_name\" content=\"KIKU Shop\" \/>\n<meta property=\"article:modified_time\" content=\"2025-01-06T19:56:33+00:00\" \/>\n<meta property=\"og:image\" content=\"https:\/\/kinderkultur.net\/shop\/wp-content\/uploads\/2021\/06\/alles-ist-musik-S1.png\" \/>\n\t<meta property=\"og:image:width\" content=\"567\" \/>\n\t<meta property=\"og:image:height\" content=\"567\" \/>\n\t<meta property=\"og:image:type\" content=\"image\/png\" \/>\n<meta name=\"twitter:card\" content=\"summary_large_image\" \/>\n<meta name=\"twitter:label1\" content=\"Gesch\u00e4tzte Lesezeit\" \/>\n\t<meta name=\"twitter:data1\" content=\"2\u00a0Minuten\" \/>\n<script type=\"application\/ld+json\" class=\"yoast-schema-graph\">{\"@context\":\"https:\/\/schema.org\",\"@graph\":[{\"@type\":\"WebPage\",\"@id\":\"https:\/\/kinderkultur.net\/shop\/product\/alles-ist-musik-konzept-fuer-die-musikalische-frueherziehung\/\",\"url\":\"https:\/\/kinderkultur.net\/shop\/product\/alles-ist-musik-konzept-fuer-die-musikalische-frueherziehung\/\",\"name\":\"Alles ist Musik Konzept f\u00fcr die musikalische Fr\u00fcherziehung - KIKU Shop\",\"isPartOf\":{\"@id\":\"https:\/\/kinderkultur.net\/shop\/#website\"},\"primaryImageOfPage\":{\"@id\":\"https:\/\/kinderkultur.net\/shop\/product\/alles-ist-musik-konzept-fuer-die-musikalische-frueherziehung\/#primaryimage\"},\"image\":{\"@id\":\"https:\/\/kinderkultur.net\/shop\/product\/alles-ist-musik-konzept-fuer-die-musikalische-frueherziehung\/#primaryimage\"},\"thumbnailUrl\":\"https:\/\/kinderkultur.net\/shop\/wp-content\/uploads\/2021\/06\/alles-ist-musik-S1.png\",\"datePublished\":\"2023-08-21T20:17:04+00:00\",\"dateModified\":\"2025-01-06T19:56:33+00:00\",\"breadcrumb\":{\"@id\":\"https:\/\/kinderkultur.net\/shop\/product\/alles-ist-musik-konzept-fuer-die-musikalische-frueherziehung\/#breadcrumb\"},\"inLanguage\":\"de\",\"potentialAction\":[{\"@type\":\"ReadAction\",\"target\":[\"https:\/\/kinderkultur.net\/shop\/product\/alles-ist-musik-konzept-fuer-die-musikalische-frueherziehung\/\"]}]},{\"@type\":\"ImageObject\",\"inLanguage\":\"de\",\"@id\":\"https:\/\/kinderkultur.net\/shop\/product\/alles-ist-musik-konzept-fuer-die-musikalische-frueherziehung\/#primaryimage\",\"url\":\"https:\/\/kinderkultur.net\/shop\/wp-content\/uploads\/2021\/06\/alles-ist-musik-S1.png\",\"contentUrl\":\"https:\/\/kinderkultur.net\/shop\/wp-content\/uploads\/2021\/06\/alles-ist-musik-S1.png\",\"width\":567,\"height\":567},{\"@type\":\"BreadcrumbList\",\"@id\":\"https:\/\/kinderkultur.net\/shop\/product\/alles-ist-musik-konzept-fuer-die-musikalische-frueherziehung\/#breadcrumb\",\"itemListElement\":[{\"@type\":\"ListItem\",\"position\":1,\"name\":\"Home\",\"item\":\"https:\/\/kinderkultur.net\/shop\/\"},{\"@type\":\"ListItem\",\"position\":2,\"name\":\"Alles ist Musik Konzept f\u00fcr die musikalische Fr\u00fcherziehung\"}]},{\"@type\":\"WebSite\",\"@id\":\"https:\/\/kinderkultur.net\/shop\/#website\",\"url\":\"https:\/\/kinderkultur.net\/shop\/\",\"name\":\"KIKU Shop\",\"description\":\"\",\"potentialAction\":[{\"@type\":\"SearchAction\",\"target\":{\"@type\":\"EntryPoint\",\"urlTemplate\":\"https:\/\/kinderkultur.net\/shop\/?s={search_term_string}\"},\"query-input\":{\"@type\":\"PropertyValueSpecification\",\"valueRequired\":true,\"valueName\":\"search_term_string\"}}],\"inLanguage\":\"de\"}]}<\/script>\n<!-- \/ Yoast SEO plugin. -->","yoast_head_json":{"title":"Alles ist Musik Konzept f\u00fcr die musikalische Fr\u00fcherziehung - KIKU Shop","robots":{"index":"index","follow":"follow","max-snippet":"max-snippet:-1","max-image-preview":"max-image-preview:large","max-video-preview":"max-video-preview:-1"},"canonical":"https:\/\/kinderkultur.net\/shop\/product\/alles-ist-musik-konzept-fuer-die-musikalische-frueherziehung\/","og_locale":"de_DE","og_type":"article","og_title":"Alles ist Musik Konzept f\u00fcr die musikalische Fr\u00fcherziehung - KIKU Shop","og_description":"Produkte stehen nach dem Bezahlen als PDF\/MP3 Download bereit. Bei Buchauswahl erfolgt der Versand mit der POST.","og_url":"https:\/\/kinderkultur.net\/shop\/product\/alles-ist-musik-konzept-fuer-die-musikalische-frueherziehung\/","og_site_name":"KIKU Shop","article_modified_time":"2025-01-06T19:56:33+00:00","og_image":[{"width":567,"height":567,"url":"https:\/\/kinderkultur.net\/shop\/wp-content\/uploads\/2021\/06\/alles-ist-musik-S1.png","type":"image\/png"}],"twitter_card":"summary_large_image","twitter_misc":{"Gesch\u00e4tzte Lesezeit":"2\u00a0Minuten"},"schema":{"@context":"https:\/\/schema.org","@graph":[{"@type":"WebPage","@id":"https:\/\/kinderkultur.net\/shop\/product\/alles-ist-musik-konzept-fuer-die-musikalische-frueherziehung\/","url":"https:\/\/kinderkultur.net\/shop\/product\/alles-ist-musik-konzept-fuer-die-musikalische-frueherziehung\/","name":"Alles ist Musik Konzept f\u00fcr die musikalische Fr\u00fcherziehung - KIKU Shop","isPartOf":{"@id":"https:\/\/kinderkultur.net\/shop\/#website"},"primaryImageOfPage":{"@id":"https:\/\/kinderkultur.net\/shop\/product\/alles-ist-musik-konzept-fuer-die-musikalische-frueherziehung\/#primaryimage"},"image":{"@id":"https:\/\/kinderkultur.net\/shop\/product\/alles-ist-musik-konzept-fuer-die-musikalische-frueherziehung\/#primaryimage"},"thumbnailUrl":"https:\/\/kinderkultur.net\/shop\/wp-content\/uploads\/2021\/06\/alles-ist-musik-S1.png","datePublished":"2023-08-21T20:17:04+00:00","dateModified":"2025-01-06T19:56:33+00:00","breadcrumb":{"@id":"https:\/\/kinderkultur.net\/shop\/product\/alles-ist-musik-konzept-fuer-die-musikalische-frueherziehung\/#breadcrumb"},"inLanguage":"de","potentialAction":[{"@type":"ReadAction","target":["https:\/\/kinderkultur.net\/shop\/product\/alles-ist-musik-konzept-fuer-die-musikalische-frueherziehung\/"]}]},{"@type":"ImageObject","inLanguage":"de","@id":"https:\/\/kinderkultur.net\/shop\/product\/alles-ist-musik-konzept-fuer-die-musikalische-frueherziehung\/#primaryimage","url":"https:\/\/kinderkultur.net\/shop\/wp-content\/uploads\/2021\/06\/alles-ist-musik-S1.png","contentUrl":"https:\/\/kinderkultur.net\/shop\/wp-content\/uploads\/2021\/06\/alles-ist-musik-S1.png","width":567,"height":567},{"@type":"BreadcrumbList","@id":"https:\/\/kinderkultur.net\/shop\/product\/alles-ist-musik-konzept-fuer-die-musikalische-frueherziehung\/#breadcrumb","itemListElement":[{"@type":"ListItem","position":1,"name":"Home","item":"https:\/\/kinderkultur.net\/shop\/"},{"@type":"ListItem","position":2,"name":"Alles ist Musik Konzept f\u00fcr die musikalische Fr\u00fcherziehung"}]},{"@type":"WebSite","@id":"https:\/\/kinderkultur.net\/shop\/#website","url":"https:\/\/kinderkultur.net\/shop\/","name":"KIKU Shop","description":"","potentialAction":[{"@type":"SearchAction","target":{"@type":"EntryPoint","urlTemplate":"https:\/\/kinderkultur.net\/shop\/?s={search_term_string}"},"query-input":{"@type":"PropertyValueSpecification","valueRequired":true,"valueName":"search_term_string"}}],"inLanguage":"de"}]}},"jetpack_sharing_enabled":true,"_links":{"self":[{"href":"https:\/\/kinderkultur.net\/shop\/wp-json\/wp\/v2\/product\/161","targetHints":{"allow":["GET"]}}],"collection":[{"href":"https:\/\/kinderkultur.net\/shop\/wp-json\/wp\/v2\/product"}],"about":[{"href":"https:\/\/kinderkultur.net\/shop\/wp-json\/wp\/v2\/types\/product"}],"replies":[{"embeddable":true,"href":"https:\/\/kinderkultur.net\/shop\/wp-json\/wp\/v2\/comments?post=161"}],"wp:featuredmedia":[{"embeddable":true,"href":"https:\/\/kinderkultur.net\/shop\/wp-json\/wp\/v2\/media\/130"}],"wp:attachment":[{"href":"https:\/\/kinderkultur.net\/shop\/wp-json\/wp\/v2\/media?parent=161"}],"wp:term":[{"taxonomy":"product_brand","embeddable":true,"href":"https:\/\/kinderkultur.net\/shop\/wp-json\/wp\/v2\/product_brand?post=161"},{"taxonomy":"product_cat","embeddable":true,"href":"https:\/\/kinderkultur.net\/shop\/wp-json\/wp\/v2\/product_cat?post=161"},{"taxonomy":"product_tag","embeddable":true,"href":"https:\/\/kinderkultur.net\/shop\/wp-json\/wp\/v2\/product_tag?post=161"}],"curies":[{"name":"wp","href":"https:\/\/api.w.org\/{rel}","templated":true}]}}